{"id":987513098,"date":"2025-02-15T17:52:17","date_gmt":"2025-02-15T17:52:17","guid":{"rendered":"https:\/\/stucki.redconic.com\/career\/"},"modified":"2025-07-19T09:44:16","modified_gmt":"2025-07-19T09:44:16","slug":"karriere-bei-stucki","status":"publish","type":"page","link":"https:\/\/stucki.ch\/de\/karriere-bei-stucki\/","title":{"rendered":"Karriere"},"content":{"rendered":"<p>[et_pb_section fb_built=&#8220;1&#8243; custom_padding_last_edited=&#8220;on|phone&#8220; next_background_color=&#8220;#ffffff&#8220; admin_label=&#8220;Section&#8220; _builder_version=&#8220;4.27.4&#8243; _module_preset=&#8220;default&#8220; background_enable_color=&#8220;off&#8220; use_background_color_gradient=&#8220;on&#8220; background_color_gradient_stops=&#8220;rgba(0,199,139,0.97) 0%|rgba(21,80,47,0.92) 100%&#8220; background_color_gradient_overlays_image=&#8220;on&#8220; background_image=&#8220;https:\/\/demo.divi-pixel.com\/corporate\/wp-content\/uploads\/sites\/28\/2022\/09\/img-01.jpg&#8220; custom_padding=&#8220;120px||90px||false|false&#8220; custom_padding_tablet=&#8220;100px||50px||false|false&#8220; custom_padding_phone=&#8220;100px||50px||false|false&#8220; bottom_divider_style=&#8220;mountains2&#8243; bottom_divider_height=&#8220;70px&#8220; locked=&#8220;off&#8220; global_colors_info=&#8220;{}&#8220;][et_pb_row _builder_version=&#8220;4.17.3&#8243; _module_preset=&#8220;default&#8220; global_colors_info=&#8220;{}&#8220;][et_pb_column type=&#8220;4_4&#8243; _builder_version=&#8220;4.17.3&#8243; _module_preset=&#8220;default&#8220; global_colors_info=&#8220;{}&#8220;][et_pb_text _builder_version=&#8220;4.27.4&#8243; _dynamic_attributes=&#8220;content&#8220; _module_preset=&#8220;default&#8220; header_font=&#8220;|600|||||||&#8220; header_text_align=&#8220;center&#8220; header_text_color=&#8220;#FFFFFF&#8220; header_font_size=&#8220;45px&#8220; header_line_height=&#8220;1.2em&#8220; custom_margin=&#8220;||2px||false|false&#8220; header_font_size_tablet=&#8220;35px&#8220; header_font_size_phone=&#8220;25px&#8220; header_font_size_last_edited=&#8220;on|desktop&#8220; locked=&#8220;off&#8220; global_colors_info=&#8220;{}&#8220;]@ET-DC@eyJkeW5hbWljIjp0cnVlLCJjb250ZW50IjoicG9zdF90aXRsZSIsInNldHRpbmdzIjp7ImJlZm9yZSI6IjxoMT4iLCJhZnRlciI6IjwvaDE+In19@[\/et_pb_text][dipi_breadcrumbs bc_items_alignment=&#8220;dipi-bc-center&#8220; bc_separator_color=&#8220;#D8F3DD&#8220; _builder_version=&#8220;4.27.4&#8243; _module_preset=&#8220;default&#8220; items_font=&#8220;||||||||&#8220; items_text_color=&#8220;#FFFFFF&#8220; hover_text_color=&#8220;#FFFFFF&#8220; active_font=&#8220;||||||||&#8220; active_text_color=&#8220;#D8F3DD&#8220; background_color=&#8220;RGBA(255,255,255,0)&#8220; width=&#8220;250px&#8220; width_tablet=&#8220;100%&#8220; width_phone=&#8220;100%&#8220; width_last_edited=&#8220;on|tablet&#8220; module_alignment=&#8220;center&#8220; custom_padding=&#8220;10px||10px||true|false&#8220; module_alignment_tablet=&#8220;center&#8220; module_alignment_phone=&#8220;center&#8220; module_alignment_last_edited=&#8220;off|desktop&#8220; global_colors_info=&#8220;{}&#8220;][\/dipi_breadcrumbs][\/et_pb_column][\/et_pb_row][\/et_pb_section][et_pb_section fb_built=&#8220;1&#8243; _builder_version=&#8220;4.17.3&#8243; _module_preset=&#8220;default&#8220; global_colors_info=&#8220;{}&#8220;][et_pb_row make_equal=&#8220;on&#8220; _builder_version=&#8220;4.27.4&#8243; _module_preset=&#8220;default&#8220; global_colors_info=&#8220;{}&#8220;][et_pb_column type=&#8220;4_4&#8243; _builder_version=&#8220;4.27.4&#8243; _module_preset=&#8220;default&#8220; global_colors_info=&#8220;{}&#8220;][et_pb_text _builder_version=&#8220;4.27.4&#8243; _module_preset=&#8220;default&#8220; header_2_font=&#8220;|600|||||||&#8220; header_2_text_align=&#8220;center&#8220; header_2_font_size=&#8220;35px&#8220; header_2_line_height=&#8220;1.2em&#8220; custom_margin=&#8220;||0px||false|false&#8220; header_2_font_size_tablet=&#8220;30px&#8220; header_2_font_size_phone=&#8220;25px&#8220; header_2_font_size_last_edited=&#8220;on|desktop&#8220; locked=&#8220;off&#8220; global_colors_info=&#8220;{}&#8220;]<\/p>\n<h2>EMPOWERING PEOPLE IS OUR PASSION<br \/>\n<\/h2>\n<p>[\/et_pb_text][et_pb_text _builder_version=&#8220;4.27.4&#8243; _module_preset=&#8220;default&#8220; text_orientation=&#8220;center&#8220; global_colors_info=&#8220;{}&#8220;]Stucki Leadership &#038; Team Development AG wurde von Robert Stucki \u2013 Pionier im handlungsorientierten Lernen und Leadership Training \u2013 im Jahr 1984 gegr\u00fcndet. Seit 40 Jahren unterst\u00fctzen und inspirieren wir Menschen und Teams aus unterschiedlichen L\u00e4ndern und Branchen in den Bereichen F\u00fchrungskompetenz, Teament-wicklung, Transformation und Coaching. Unser Ansatz beruht auf unsere einzigartige Stucki Methode\u00ae, eine Arbeitsweise, die unvergessliches und wirkungsvolles Lernen bewirk[\/et_pb_text][et_pb_text _builder_version=&#8220;4.27.4&#8243; _module_preset=&#8220;default&#8220; text_orientation=&#8220;center&#8220; global_colors_info=&#8220;{}&#8220;]<\/p>\n<p>Vielen Dank f\u00fcr Ihr Interesse an Stucki Leadership &amp; Team Development. Momentan haben wir keine offenen Stellen. Wir sind jedoch immer auf der Suche nach talentierten Menschen, die unser Team verst\u00e4rken m\u00f6chten. Senden Sie uns gerne eine Initiativbewerbung an <a href=\"mailto:info@stucki.ch\"><strong>info@stucki.ch<\/strong><\/a> \u2013 wir freuen uns auf Ihre Kontaktaufnahme!<\/p>\n<p>[\/et_pb_text][\/et_pb_column][\/et_pb_row][\/et_pb_section]<\/p>\n","protected":false},"excerpt":{"rendered":"<p><div class=\"et_pb_module dipi_breadcrumbs dipi_breadcrumbs_0\">\n\t\t\t\t\n\t\t\t\t\n\t\t\t\t\n\t\t\t\t\n\t\t\t\t\n\t\t\t\t\n\t\t\t\t<div class=\"et_pb_module_inner\">\n\t\t\t\t\t<div class=\"dipi-breadcrumbs dipi-bc-center\">\n                <ul >\n                    \n                                                        <li  class=\"dipi-breadcrumb-item dipi-breadcrumb-home\">\n\n                                                    <a  href=\"https:\/\/stucki.ch\/de\/\">\n                                <span  content=\"Home\">\n                                                                        Stucki                                <\/span>\n                            <\/a>\n\n                                                <meta itemprop=\"position\" content=\"1\"\/>                    <\/li>\n\n                    <li class=\"dipi-breadcrumb-separator\">\n                    <span class=\"et-pb-icon dipi-separator-icon\">$<\/span>\n                <\/li>                            \n                <\/ul>\n            <\/div>\n\t\t\t\t<\/div>\n\t\t\t<\/div>EMPOWERING PEOPLE IS OUR PASSION Stucki Leadership &#038; Team Development AG wurde von Robert Stucki \u2013 Pionier im handlungsorientierten Lernen und Leadership Training \u2013 im Jahr 1984 gegr\u00fcndet. Seit 40 Jahren unterst\u00fctzen und inspirieren wir [&hellip;]<\/p>\n","protected":false},"author":1,"featured_media":0,"parent":0,"menu_order":0,"comment_status":"closed","ping_status":"closed","template":"","meta":{"_acf_changed":false,"_et_pb_use_builder":"on","_et_pb_old_content":"","_et_gb_content_width":"","footnotes":""},"dipi_cpt_category":[],"class_list":["post-987513098","page","type-page","status-publish","hentry"],"acf":[],"yoast_head":"<!-- This site is optimized with the Yoast SEO plugin v27.4 - https:\/\/yoast.com\/product\/yoast-seo-wordpress\/ -->\n<title>Karriere - Stucki<\/title>\n<meta name=\"description\" content=\"Karriere bei Stucki: Jetzt initiativ bewerben und Teil unseres engagierten Teams f\u00fcr Leadership, Coaching und Teamentwicklung werden.\" \/>\n<meta name=\"robots\" content=\"index, follow, max-snippet:-1, max-image-preview:large, max-video-preview:-1\" \/>\n<link rel=\"canonical\" href=\"https:\/\/stucki.ch\/de\/karriere-bei-stucki\/\" \/>\n<meta property=\"og:locale\" content=\"de_DE\" \/>\n<meta property=\"og:type\" content=\"article\" \/>\n<meta property=\"og:title\" content=\"Karriere - Stucki\" \/>\n<meta property=\"og:description\" content=\"Karriere bei Stucki: Jetzt initiativ bewerben und Teil unseres engagierten Teams f\u00fcr Leadership, Coaching und Teamentwicklung werden.\" \/>\n<meta property=\"og:site_name\" content=\"Stucki\" \/>\n<meta property=\"article:modified_time\" content=\"2025-07-19T09:44:16+00:00\" \/>\n<meta name=\"twitter:card\" content=\"summary_large_image\" \/>\n<meta name=\"twitter:label1\" content=\"Gesch\u00e4tzte Lesezeit\" \/>\n\t<meta name=\"twitter:data1\" content=\"1\u00a0Minute\" \/>\n<script type=\"application\/ld+json\" class=\"yoast-schema-graph\">{\"@context\":\"https:\\\/\\\/schema.org\",\"@graph\":[{\"@type\":\"WebPage\",\"@id\":\"https:\\\/\\\/stucki.ch\\\/de\\\/karriere-bei-stucki\\\/\",\"url\":\"https:\\\/\\\/stucki.ch\\\/de\\\/karriere-bei-stucki\\\/\",\"name\":\"Karriere - Stucki\",\"isPartOf\":{\"@id\":\"https:\\\/\\\/stucki.ch\\\/#website\"},\"datePublished\":\"2025-02-15T17:52:17+00:00\",\"dateModified\":\"2025-07-19T09:44:16+00:00\",\"description\":\"Karriere bei Stucki: Jetzt initiativ bewerben und Teil unseres engagierten Teams f\u00fcr Leadership, Coaching und Teamentwicklung werden.\",\"breadcrumb\":{\"@id\":\"https:\\\/\\\/stucki.ch\\\/de\\\/karriere-bei-stucki\\\/#breadcrumb\"},\"inLanguage\":\"de\",\"potentialAction\":[{\"@type\":\"ReadAction\",\"target\":[\"https:\\\/\\\/stucki.ch\\\/de\\\/karriere-bei-stucki\\\/\"]}]},{\"@type\":\"BreadcrumbList\",\"@id\":\"https:\\\/\\\/stucki.ch\\\/de\\\/karriere-bei-stucki\\\/#breadcrumb\",\"itemListElement\":[{\"@type\":\"ListItem\",\"position\":1,\"name\":\"Home\",\"item\":\"https:\\\/\\\/stucki.ch\\\/de\\\/\"},{\"@type\":\"ListItem\",\"position\":2,\"name\":\"Karriere\"}]},{\"@type\":\"WebSite\",\"@id\":\"https:\\\/\\\/stucki.ch\\\/#website\",\"url\":\"https:\\\/\\\/stucki.ch\\\/\",\"name\":\"Stucki\",\"description\":\"Leadership &amp; Team Development\",\"publisher\":{\"@id\":\"https:\\\/\\\/stucki.ch\\\/#organization\"},\"potentialAction\":[{\"@type\":\"SearchAction\",\"target\":{\"@type\":\"EntryPoint\",\"urlTemplate\":\"https:\\\/\\\/stucki.ch\\\/?s={search_term_string}\"},\"query-input\":{\"@type\":\"PropertyValueSpecification\",\"valueRequired\":true,\"valueName\":\"search_term_string\"}}],\"inLanguage\":\"de\"},{\"@type\":\"Organization\",\"@id\":\"https:\\\/\\\/stucki.ch\\\/#organization\",\"name\":\"Stucki\",\"url\":\"https:\\\/\\\/stucki.ch\\\/\",\"logo\":{\"@type\":\"ImageObject\",\"inLanguage\":\"de\",\"@id\":\"https:\\\/\\\/stucki.ch\\\/#\\\/schema\\\/logo\\\/image\\\/\",\"url\":\"https:\\\/\\\/stucki.ch\\\/wp-content\\\/uploads\\\/2025\\\/03\\\/Gruppe-6.png\",\"contentUrl\":\"https:\\\/\\\/stucki.ch\\\/wp-content\\\/uploads\\\/2025\\\/03\\\/Gruppe-6.png\",\"width\":519,\"height\":121,\"caption\":\"Stucki\"},\"image\":{\"@id\":\"https:\\\/\\\/stucki.ch\\\/#\\\/schema\\\/logo\\\/image\\\/\"},\"sameAs\":[\"https:\\\/\\\/www.linkedin.com\\\/company\\\/stucki-leadership-teambuilding-ag\\\/\",\"https:\\\/\\\/www.instagram.com\\\/stucki_leadership\\\/\"]}]}<\/script>\n<!-- \/ Yoast SEO plugin. -->","yoast_head_json":{"title":"Karriere - Stucki","description":"Karriere bei Stucki: Jetzt initiativ bewerben und Teil unseres engagierten Teams f\u00fcr Leadership, Coaching und Teamentwicklung werden.","robots":{"index":"index","follow":"follow","max-snippet":"max-snippet:-1","max-image-preview":"max-image-preview:large","max-video-preview":"max-video-preview:-1"},"canonical":"https:\/\/stucki.ch\/de\/karriere-bei-stucki\/","og_locale":"de_DE","og_type":"article","og_title":"Karriere - Stucki","og_description":"Karriere bei Stucki: Jetzt initiativ bewerben und Teil unseres engagierten Teams f\u00fcr Leadership, Coaching und Teamentwicklung werden.","og_site_name":"Stucki","article_modified_time":"2025-07-19T09:44:16+00:00","twitter_card":"summary_large_image","twitter_misc":{"Gesch\u00e4tzte Lesezeit":"1\u00a0Minute"},"schema":{"@context":"https:\/\/schema.org","@graph":[{"@type":"WebPage","@id":"https:\/\/stucki.ch\/de\/karriere-bei-stucki\/","url":"https:\/\/stucki.ch\/de\/karriere-bei-stucki\/","name":"Karriere - Stucki","isPartOf":{"@id":"https:\/\/stucki.ch\/#website"},"datePublished":"2025-02-15T17:52:17+00:00","dateModified":"2025-07-19T09:44:16+00:00","description":"Karriere bei Stucki: Jetzt initiativ bewerben und Teil unseres engagierten Teams f\u00fcr Leadership, Coaching und Teamentwicklung werden.","breadcrumb":{"@id":"https:\/\/stucki.ch\/de\/karriere-bei-stucki\/#breadcrumb"},"inLanguage":"de","potentialAction":[{"@type":"ReadAction","target":["https:\/\/stucki.ch\/de\/karriere-bei-stucki\/"]}]},{"@type":"BreadcrumbList","@id":"https:\/\/stucki.ch\/de\/karriere-bei-stucki\/#breadcrumb","itemListElement":[{"@type":"ListItem","position":1,"name":"Home","item":"https:\/\/stucki.ch\/de\/"},{"@type":"ListItem","position":2,"name":"Karriere"}]},{"@type":"WebSite","@id":"https:\/\/stucki.ch\/#website","url":"https:\/\/stucki.ch\/","name":"Stucki","description":"Leadership &amp; Team Development","publisher":{"@id":"https:\/\/stucki.ch\/#organization"},"potentialAction":[{"@type":"SearchAction","target":{"@type":"EntryPoint","urlTemplate":"https:\/\/stucki.ch\/?s={search_term_string}"},"query-input":{"@type":"PropertyValueSpecification","valueRequired":true,"valueName":"search_term_string"}}],"inLanguage":"de"},{"@type":"Organization","@id":"https:\/\/stucki.ch\/#organization","name":"Stucki","url":"https:\/\/stucki.ch\/","logo":{"@type":"ImageObject","inLanguage":"de","@id":"https:\/\/stucki.ch\/#\/schema\/logo\/image\/","url":"https:\/\/stucki.ch\/wp-content\/uploads\/2025\/03\/Gruppe-6.png","contentUrl":"https:\/\/stucki.ch\/wp-content\/uploads\/2025\/03\/Gruppe-6.png","width":519,"height":121,"caption":"Stucki"},"image":{"@id":"https:\/\/stucki.ch\/#\/schema\/logo\/image\/"},"sameAs":["https:\/\/www.linkedin.com\/company\/stucki-leadership-teambuilding-ag\/","https:\/\/www.instagram.com\/stucki_leadership\/"]}]}},"_links":{"self":[{"href":"https:\/\/stucki.ch\/de\/wp-json\/wp\/v2\/pages\/987513098","targetHints":{"allow":["GET"]}}],"collection":[{"href":"https:\/\/stucki.ch\/de\/wp-json\/wp\/v2\/pages"}],"about":[{"href":"https:\/\/stucki.ch\/de\/wp-json\/wp\/v2\/types\/page"}],"author":[{"embeddable":true,"href":"https:\/\/stucki.ch\/de\/wp-json\/wp\/v2\/users\/1"}],"replies":[{"embeddable":true,"href":"https:\/\/stucki.ch\/de\/wp-json\/wp\/v2\/comments?post=987513098"}],"version-history":[{"count":1,"href":"https:\/\/stucki.ch\/de\/wp-json\/wp\/v2\/pages\/987513098\/revisions"}],"predecessor-version":[{"id":987514650,"href":"https:\/\/stucki.ch\/de\/wp-json\/wp\/v2\/pages\/987513098\/revisions\/987514650"}],"wp:attachment":[{"href":"https:\/\/stucki.ch\/de\/wp-json\/wp\/v2\/media?parent=987513098"}],"wp:term":[{"taxonomy":"dipi_cpt_category","embeddable":true,"href":"https:\/\/stucki.ch\/de\/wp-json\/wp\/v2\/dipi_cpt_category?post=987513098"}],"curies":[{"name":"wp","href":"https:\/\/api.w.org\/{rel}","templated":true}]}}