{"id":987513117,"date":"2022-09-09T03:31:46","date_gmt":"2022-09-09T03:31:46","guid":{"rendered":"https:\/\/stucki.redconic.com\/our-team\/"},"modified":"2025-07-19T09:17:29","modified_gmt":"2025-07-19T09:17:29","slug":"stucki-team","status":"publish","type":"page","link":"https:\/\/stucki.ch\/de\/stucki-team\/","title":{"rendered":"Unser Team"},"content":{"rendered":"<p>[et_pb_section fb_built=&#8220;1&#8243; custom_padding_last_edited=&#8220;on|tablet&#8220; next_background_color=&#8220;#F8FAFF&#8220; admin_label=&#8220;Section&#8220; _builder_version=&#8220;4.27.4&#8243; _module_preset=&#8220;default&#8220; background_enable_color=&#8220;off&#8220; use_background_color_gradient=&#8220;on&#8220; background_color_gradient_stops=&#8220;rgba(0,199,139,0.97) 0%|rgba(21,80,47,0.92) 100%&#8220; background_color_gradient_overlays_image=&#8220;on&#8220; background_image=&#8220;https:\/\/demo.divi-pixel.com\/corporate\/wp-content\/uploads\/sites\/28\/2022\/09\/img-01.jpg&#8220; custom_padding=&#8220;120px||90px||false|false&#8220; custom_padding_tablet=&#8220;0px||50px||false|false&#8220; custom_padding_phone=&#8220;0px||50px||false|false&#8220; bottom_divider_style=&#8220;mountains2&#8243; bottom_divider_height=&#8220;70px&#8220; locked=&#8220;off&#8220; global_colors_info=&#8220;{}&#8220;][et_pb_row _builder_version=&#8220;4.17.3&#8243; _module_preset=&#8220;default&#8220; global_colors_info=&#8220;{}&#8220;][et_pb_column type=&#8220;4_4&#8243; _builder_version=&#8220;4.17.3&#8243; _module_preset=&#8220;default&#8220; global_colors_info=&#8220;{}&#8220;][et_pb_text _builder_version=&#8220;4.27.4&#8243; _module_preset=&#8220;default&#8220; header_font=&#8220;|600|||||||&#8220; header_text_align=&#8220;center&#8220; header_text_color=&#8220;#FFFFFF&#8220; header_font_size=&#8220;45px&#8220; header_line_height=&#8220;1.2em&#8220; custom_margin=&#8220;||2px||false|false&#8220; header_font_size_tablet=&#8220;35px&#8220; header_font_size_phone=&#8220;25px&#8220; header_font_size_last_edited=&#8220;on|desktop&#8220; locked=&#8220;off&#8220; global_colors_info=&#8220;{}&#8220;]<\/p>\n<h1>Unser Team<\/h1>\n<p>[\/et_pb_text][dipi_breadcrumbs bc_items_alignment=&#8220;dipi-bc-center&#8220; bc_separator_color=&#8220;#D8F3DD&#8220; _builder_version=&#8220;4.27.4&#8243; _module_preset=&#8220;default&#8220; items_font=&#8220;||||||||&#8220; items_text_color=&#8220;#FFFFFF&#8220; hover_text_color=&#8220;#FFFFFF&#8220; active_font=&#8220;||||||||&#8220; active_text_color=&#8220;#D8F3DD&#8220; background_color=&#8220;RGBA(255,255,255,0)&#8220; width=&#8220;250px&#8220; width_tablet=&#8220;100%&#8220; width_phone=&#8220;100%&#8220; width_last_edited=&#8220;on|tablet&#8220; module_alignment=&#8220;center&#8220; custom_padding=&#8220;10px||10px||true|false&#8220; module_alignment_tablet=&#8220;center&#8220; module_alignment_phone=&#8220;center&#8220; module_alignment_last_edited=&#8220;off|desktop&#8220; global_colors_info=&#8220;{}&#8220;][\/dipi_breadcrumbs][\/et_pb_column][\/et_pb_row][\/et_pb_section][et_pb_section fb_built=&#8220;1&#8243; _builder_version=&#8220;4.17.3&#8243; _module_preset=&#8220;default&#8220; background_color=&#8220;#F8FAFF&#8220; locked=&#8220;off&#8220; global_colors_info=&#8220;{}&#8220;][et_pb_row _builder_version=&#8220;4.27.4&#8243; _module_preset=&#8220;default&#8220; custom_padding=&#8220;||0px||false|false&#8220; global_colors_info=&#8220;{}&#8220;][et_pb_column type=&#8220;4_4&#8243; _builder_version=&#8220;4.17.3&#8243; _module_preset=&#8220;default&#8220; global_colors_info=&#8220;{}&#8220;][et_pb_text _builder_version=&#8220;4.27.4&#8243; _module_preset=&#8220;default&#8220; header_2_font=&#8220;|600|||||||&#8220; header_2_text_align=&#8220;center&#8220; header_2_font_size=&#8220;45px&#8220; header_2_line_height=&#8220;1.2em&#8220; header_2_font_size_tablet=&#8220;45px&#8220; header_2_font_size_phone=&#8220;35px&#8220; header_2_font_size_last_edited=&#8220;on|phone&#8220; locked=&#8220;off&#8220; global_colors_info=&#8220;{}&#8220;]<\/p>\n<h2>Lernen Sie unser Team kennen<\/h2>\n<p>[\/et_pb_text][\/et_pb_column][\/et_pb_row][et_pb_row column_structure=&#8220;1_4,3_4&#8243; use_custom_gutter=&#8220;on&#8220; gutter_width=&#8220;2&#8243; make_equal=&#8220;on&#8220; _builder_version=&#8220;4.27.4&#8243; _module_preset=&#8220;default&#8220; custom_padding=&#8220;18px|||||&#8220; global_colors_info=&#8220;{}&#8220;][et_pb_column type=&#8220;1_4&#8243; _builder_version=&#8220;4.27.4&#8243; _module_preset=&#8220;default&#8220; global_colors_info=&#8220;{}&#8220;][et_pb_de_mach_filter_posts filter_update_type=&#8220;update_field&#8220; update_count_by_self=&#8220;off&#8220; mobile_toggle=&#8220;on&#8220; hide_reset=&#8220;on&#8220; filter_item_bg_color=&#8220;RGBA(255,255,255,0)&#8220; _builder_version=&#8220;4.27.4&#8243; _module_preset=&#8220;default&#8220; form_field_background_color=&#8220;RGBA(255,255,255,0)&#8220; form_field_focus_background_color=&#8220;RGBA(255,255,255,0)&#8220; form_field_text_align=&#8220;left&#8220; background_color=&#8220;RGBA(255,255,255,0)&#8220; button_alignment=&#8220;center&#8220; text_orientation=&#8220;center&#8220; global_colors_info=&#8220;{}&#8220;][et_pb_de_mach_search_posts_item title=&#8220;Category Filter&#8220; post_type_choose=&#8220;team&#8220; acf_filter_type=&#8220;radio&#8220; taxonomy_order=&#8220;menu_order&#8220; show_label=&#8220;off&#8220; radio_show_empty=&#8220;on&#8220; hide_module_for_empty=&#8220;off&#8220; field_id=&#8220;Field_1&#8243; radio_style=&#8220;buttons&#8220; radio_all_text=&#8220;Alle&#8220; _builder_version=&#8220;4.27.4&#8243; _module_preset=&#8220;default&#8220; form_field_text_align=&#8220;center&#8220; custom_button=&#8220;on&#8220; button_text_color=&#8220;#FFFFFF&#8220; button_bg_color=&#8220;#15502F&#8220; button_border_color=&#8220;#15502F&#8220; button_use_icon=&#8220;off&#8220; button_custom_padding=&#8220;15px||15px||true|false&#8220; custom_active_button=&#8220;on&#8220; active_button_bg_color=&#8220;#00C78B&#8220; active_button_border_color=&#8220;#00C78B&#8220; active_button_use_icon=&#8220;off&#8220; active_button_custom_padding=&#8220;5px||5px||true|false&#8220; global_colors_info=&#8220;{}&#8220;][\/et_pb_de_mach_search_posts_item][\/et_pb_de_mach_filter_posts][\/et_pb_column][et_pb_column type=&#8220;3_4&#8243; _builder_version=&#8220;4.27.4&#8243; _module_preset=&#8220;default&#8220; global_colors_info=&#8220;{}&#8220;][et_pb_de_mach_archive_loop post_type_choose=&#8220;team&#8220; loop_layout=&#8220;987513388&#8243; posts_number=&#8220;12&#8243; order_asc_desc=&#8220;DESC&#8220; sec_sort_order=&#8220;date&#8220; sec_order_asc_desc=&#8220;DESC&#8220; enable_loadmore=&#8220;on&#8220; show_in_section=&#8220;off&#8220; equal_height=&#8220;on&#8220; align_last_bottom=&#8220;off&#8220; columns=&#8220;3&#8243; columns_tablet=&#8220;3&#8243; _builder_version=&#8220;4.27.4&#8243; _module_preset=&#8220;default&#8220; custom_button=&#8220;on&#8220; button_text_size=&#8220;18px&#8220; button_use_icon=&#8220;off&#8220; global_colors_info=&#8220;{}&#8220;][\/et_pb_de_mach_archive_loop][\/et_pb_column][\/et_pb_row][\/et_pb_section][et_pb_section fb_built=&#8220;1&#8243; _builder_version=&#8220;4.27.4&#8243; _module_preset=&#8220;default&#8220; background_image=&#8220;https:\/\/stucki.ch\/wp-content\/uploads\/2025\/02\/Team1-scaled-3-scaled.jpg&#8220; parallax=&#8220;on&#8220; parallax_method=&#8220;off&#8220; global_colors_info=&#8220;{}&#8220;][et_pb_row _builder_version=&#8220;4.27.4&#8243; _module_preset=&#8220;default&#8220; global_colors_info=&#8220;{}&#8220;][et_pb_column type=&#8220;4_4&#8243; _builder_version=&#8220;4.27.4&#8243; _module_preset=&#8220;default&#8220; global_colors_info=&#8220;{}&#8220;][et_pb_divider show_divider=&#8220;off&#8220; _builder_version=&#8220;4.27.4&#8243; _module_preset=&#8220;default&#8220; custom_padding=&#8220;210px||210px||true|false&#8220; custom_padding_tablet=&#8220;120px||120px||true|false&#8220; custom_padding_phone=&#8220;80px||80px||true|false&#8220; custom_padding_last_edited=&#8220;on|phone&#8220; global_colors_info=&#8220;{}&#8220;][\/et_pb_divider][\/et_pb_column][\/et_pb_row][\/et_pb_section][et_pb_section fb_built=&#8220;1&#8243; _builder_version=&#8220;4.27.4&#8243; _module_preset=&#8220;default&#8220; background_color=&#8220;#15502F&#8220; locked=&#8220;off&#8220; global_colors_info=&#8220;{}&#8220;][et_pb_row column_structure=&#8220;1_2,1_2&#8243; make_equal=&#8220;on&#8220; _builder_version=&#8220;4.27.4&#8243; _module_preset=&#8220;default&#8220; global_colors_info=&#8220;{}&#8220;][et_pb_column type=&#8220;1_2&#8243; _builder_version=&#8220;4.27.4&#8243; _module_preset=&#8220;default&#8220; global_colors_info=&#8220;{}&#8220;][et_pb_image src=&#8220;https:\/\/stucki.ch\/wp-content\/uploads\/2025\/06\/7-Elements-of-Stucki-Culture_DE-1.png&#8220; title_text=&#8220;7 Elements of Stucki Culture_DE&#8220; _builder_version=&#8220;4.27.4&#8243; _module_preset=&#8220;default&#8220; global_colors_info=&#8220;{}&#8220;][\/et_pb_image][\/et_pb_column][et_pb_column type=&#8220;1_2&#8243; _builder_version=&#8220;4.27.4&#8243; _module_preset=&#8220;default&#8220; custom_css_main_element=&#8220;margin: auto;&#8220; global_colors_info=&#8220;{}&#8220;][et_pb_text _builder_version=&#8220;4.27.4&#8243; _module_preset=&#8220;default&#8220; header_2_font=&#8220;|600|||||||&#8220; header_2_font_size=&#8220;35px&#8220; header_2_line_height=&#8220;1.2em&#8220; custom_margin=&#8220;||0px||false|false&#8220; header_2_font_size_tablet=&#8220;30px&#8220; header_2_font_size_phone=&#8220;25px&#8220; header_2_font_size_last_edited=&#8220;on|desktop&#8220; locked=&#8220;off&#8220; global_colors_info=&#8220;{}&#8220;]<\/p>\n<h2><span style=\"color: #ffffff;\">Kultur schl\u00e4gt Strategie &#8211; und wir leben danach<\/span><\/h2>\n<p>[\/et_pb_text][et_pb_text _builder_version=&#8220;4.27.4&#8243; _module_preset=&#8220;default&#8220; global_colors_info=&#8220;{}&#8220;]<\/p>\n<p class=\"p1\"><span style=\"color: #ffffff;\">Peter Drucker sagte einmal: \u201eCulture eats strategy for breakfast.\u201c F\u00fcr uns bei Stucki ist das mehr als nur ein kluger Spruch \u2013 es ist ein Grundprinzip. Seit unserer Gr\u00fcndung legen wir bewusst Wert auf eine starke, authentische Unternehmenskultur, die widerspiegelt, wer wir sind und wie wir arbeiten.<\/span><\/p>\n<p class=\"p1\"><span style=\"color: #ffffff;\">Unsere Werte sind keine leeren Worte an der Wand. Sie sind Teil unseres t\u00e4glichen Handelns. Sie beeinflussen unsere Entscheidungen, unsere Zusammenarbeit und wie wir nachhaltige Ergebnisse f\u00fcr unsere Kunden erzielen. Sie pr\u00e4gen unsere einzigartige Stucki-Kultur.<\/span><\/p>\n<p class=\"p1\"><span style=\"color: #ffffff;\">Folgende 7 Elemente definieren unsere Unternehmensidentit\u00e4t zentral f\u00fcr unser Handeln, dass wir sie regelm\u00e4ssig weiterentwickeln und unsere Ausrichtung an ihnen monatlich \u00fcberpr\u00fcfen.<\/span><\/p>\n<p>[\/et_pb_text][\/et_pb_column][\/et_pb_row][\/et_pb_section]<\/p>\n","protected":false},"excerpt":{"rendered":"<p>Unser Team<div class=\"et_pb_module dipi_breadcrumbs dipi_breadcrumbs_0\">\n\t\t\t\t\n\t\t\t\t\n\t\t\t\t\n\t\t\t\t\n\t\t\t\t\n\t\t\t\t\n\t\t\t\t<div class=\"et_pb_module_inner\">\n\t\t\t\t\t<div class=\"dipi-breadcrumbs dipi-bc-center\">\n                <ul >\n                    \n                                                        <li  class=\"dipi-breadcrumb-item dipi-breadcrumb-home\">\n\n                                                    <a  href=\"https:\/\/stucki.ch\/de\/\">\n                                <span  content=\"Home\">\n                                                                        Stucki                                <\/span>\n                            <\/a>\n\n                                                <meta itemprop=\"position\" content=\"1\"\/>                    <\/li>\n\n                    <li class=\"dipi-breadcrumb-separator\">\n                    <span class=\"et-pb-icon dipi-separator-icon\">$<\/span>\n                <\/li>                            \n                <\/ul>\n            <\/div>\n\t\t\t\t<\/div>\n\t\t\t<\/div>Lernen Sie unser Team kennenKultur schl\u00e4gt Strategie &#8211; und wir leben danachPeter Drucker sagte einmal: \u201eCulture eats strategy for breakfast.\u201c F\u00fcr uns bei Stucki ist das mehr als nur ein kluger Spruch \u2013 es [&hellip;]<\/p>\n","protected":false},"author":1,"featured_media":0,"parent":0,"menu_order":0,"comment_status":"closed","ping_status":"closed","template":"","meta":{"_acf_changed":false,"_et_pb_use_builder":"on","_et_pb_old_content":"","_et_gb_content_width":"","footnotes":""},"dipi_cpt_category":[],"class_list":["post-987513117","page","type-page","status-publish","hentry"],"acf":[],"yoast_head":"<!-- This site is optimized with the Yoast SEO plugin v27.4 - https:\/\/yoast.com\/product\/yoast-seo-wordpress\/ -->\n<title>Unser Team - Stucki<\/title>\n<meta name=\"description\" content=\"Entdecken Sie das Stucki Team: Trainer, Outdoor-Experten &amp; Kultur, die wirkt. Lernen Sie die Menschen hinter der Methode kennen.\" \/>\n<meta name=\"robots\" content=\"index, follow, max-snippet:-1, max-image-preview:large, max-video-preview:-1\" \/>\n<link rel=\"canonical\" href=\"https:\/\/stucki.ch\/de\/stucki-team\/\" \/>\n<meta property=\"og:locale\" content=\"de_DE\" \/>\n<meta property=\"og:type\" content=\"article\" \/>\n<meta property=\"og:title\" content=\"Unser Team - Stucki\" \/>\n<meta property=\"og:description\" content=\"Entdecken Sie das Stucki Team: Trainer, Outdoor-Experten &amp; Kultur, die wirkt. Lernen Sie die Menschen hinter der Methode kennen.\" \/>\n<meta property=\"og:site_name\" content=\"Stucki\" \/>\n<meta property=\"article:modified_time\" content=\"2025-07-19T09:17:29+00:00\" \/>\n<meta name=\"twitter:card\" content=\"summary_large_image\" \/>\n<meta name=\"twitter:label1\" content=\"Gesch\u00e4tzte Lesezeit\" \/>\n\t<meta name=\"twitter:data1\" content=\"4\u00a0Minuten\" \/>\n<script type=\"application\/ld+json\" class=\"yoast-schema-graph\">{\"@context\":\"https:\\\/\\\/schema.org\",\"@graph\":[{\"@type\":\"WebPage\",\"@id\":\"https:\\\/\\\/stucki.ch\\\/de\\\/stucki-team\\\/\",\"url\":\"https:\\\/\\\/stucki.ch\\\/de\\\/stucki-team\\\/\",\"name\":\"Unser Team - Stucki\",\"isPartOf\":{\"@id\":\"https:\\\/\\\/stucki.ch\\\/#website\"},\"datePublished\":\"2022-09-09T03:31:46+00:00\",\"dateModified\":\"2025-07-19T09:17:29+00:00\",\"description\":\"Entdecken Sie das Stucki Team: Trainer, Outdoor-Experten & Kultur, die wirkt. Lernen Sie die Menschen hinter der Methode kennen.\",\"breadcrumb\":{\"@id\":\"https:\\\/\\\/stucki.ch\\\/de\\\/stucki-team\\\/#breadcrumb\"},\"inLanguage\":\"de\",\"potentialAction\":[{\"@type\":\"ReadAction\",\"target\":[\"https:\\\/\\\/stucki.ch\\\/de\\\/stucki-team\\\/\"]}]},{\"@type\":\"BreadcrumbList\",\"@id\":\"https:\\\/\\\/stucki.ch\\\/de\\\/stucki-team\\\/#breadcrumb\",\"itemListElement\":[{\"@type\":\"ListItem\",\"position\":1,\"name\":\"Home\",\"item\":\"https:\\\/\\\/stucki.ch\\\/de\\\/\"},{\"@type\":\"ListItem\",\"position\":2,\"name\":\"Unser Team\"}]},{\"@type\":\"WebSite\",\"@id\":\"https:\\\/\\\/stucki.ch\\\/#website\",\"url\":\"https:\\\/\\\/stucki.ch\\\/\",\"name\":\"Stucki\",\"description\":\"Leadership &amp; Team Development\",\"publisher\":{\"@id\":\"https:\\\/\\\/stucki.ch\\\/#organization\"},\"potentialAction\":[{\"@type\":\"SearchAction\",\"target\":{\"@type\":\"EntryPoint\",\"urlTemplate\":\"https:\\\/\\\/stucki.ch\\\/?s={search_term_string}\"},\"query-input\":{\"@type\":\"PropertyValueSpecification\",\"valueRequired\":true,\"valueName\":\"search_term_string\"}}],\"inLanguage\":\"de\"},{\"@type\":\"Organization\",\"@id\":\"https:\\\/\\\/stucki.ch\\\/#organization\",\"name\":\"Stucki\",\"url\":\"https:\\\/\\\/stucki.ch\\\/\",\"logo\":{\"@type\":\"ImageObject\",\"inLanguage\":\"de\",\"@id\":\"https:\\\/\\\/stucki.ch\\\/#\\\/schema\\\/logo\\\/image\\\/\",\"url\":\"https:\\\/\\\/stucki.ch\\\/wp-content\\\/uploads\\\/2025\\\/03\\\/Gruppe-6.png\",\"contentUrl\":\"https:\\\/\\\/stucki.ch\\\/wp-content\\\/uploads\\\/2025\\\/03\\\/Gruppe-6.png\",\"width\":519,\"height\":121,\"caption\":\"Stucki\"},\"image\":{\"@id\":\"https:\\\/\\\/stucki.ch\\\/#\\\/schema\\\/logo\\\/image\\\/\"},\"sameAs\":[\"https:\\\/\\\/www.linkedin.com\\\/company\\\/stucki-leadership-teambuilding-ag\\\/\",\"https:\\\/\\\/www.instagram.com\\\/stucki_leadership\\\/\"]}]}<\/script>\n<!-- \/ Yoast SEO plugin. -->","yoast_head_json":{"title":"Unser Team - Stucki","description":"Entdecken Sie das Stucki Team: Trainer, Outdoor-Experten & Kultur, die wirkt. Lernen Sie die Menschen hinter der Methode kennen.","robots":{"index":"index","follow":"follow","max-snippet":"max-snippet:-1","max-image-preview":"max-image-preview:large","max-video-preview":"max-video-preview:-1"},"canonical":"https:\/\/stucki.ch\/de\/stucki-team\/","og_locale":"de_DE","og_type":"article","og_title":"Unser Team - Stucki","og_description":"Entdecken Sie das Stucki Team: Trainer, Outdoor-Experten & Kultur, die wirkt. Lernen Sie die Menschen hinter der Methode kennen.","og_site_name":"Stucki","article_modified_time":"2025-07-19T09:17:29+00:00","twitter_card":"summary_large_image","twitter_misc":{"Gesch\u00e4tzte Lesezeit":"4\u00a0Minuten"},"schema":{"@context":"https:\/\/schema.org","@graph":[{"@type":"WebPage","@id":"https:\/\/stucki.ch\/de\/stucki-team\/","url":"https:\/\/stucki.ch\/de\/stucki-team\/","name":"Unser Team - Stucki","isPartOf":{"@id":"https:\/\/stucki.ch\/#website"},"datePublished":"2022-09-09T03:31:46+00:00","dateModified":"2025-07-19T09:17:29+00:00","description":"Entdecken Sie das Stucki Team: Trainer, Outdoor-Experten & Kultur, die wirkt. Lernen Sie die Menschen hinter der Methode kennen.","breadcrumb":{"@id":"https:\/\/stucki.ch\/de\/stucki-team\/#breadcrumb"},"inLanguage":"de","potentialAction":[{"@type":"ReadAction","target":["https:\/\/stucki.ch\/de\/stucki-team\/"]}]},{"@type":"BreadcrumbList","@id":"https:\/\/stucki.ch\/de\/stucki-team\/#breadcrumb","itemListElement":[{"@type":"ListItem","position":1,"name":"Home","item":"https:\/\/stucki.ch\/de\/"},{"@type":"ListItem","position":2,"name":"Unser Team"}]},{"@type":"WebSite","@id":"https:\/\/stucki.ch\/#website","url":"https:\/\/stucki.ch\/","name":"Stucki","description":"Leadership &amp; Team Development","publisher":{"@id":"https:\/\/stucki.ch\/#organization"},"potentialAction":[{"@type":"SearchAction","target":{"@type":"EntryPoint","urlTemplate":"https:\/\/stucki.ch\/?s={search_term_string}"},"query-input":{"@type":"PropertyValueSpecification","valueRequired":true,"valueName":"search_term_string"}}],"inLanguage":"de"},{"@type":"Organization","@id":"https:\/\/stucki.ch\/#organization","name":"Stucki","url":"https:\/\/stucki.ch\/","logo":{"@type":"ImageObject","inLanguage":"de","@id":"https:\/\/stucki.ch\/#\/schema\/logo\/image\/","url":"https:\/\/stucki.ch\/wp-content\/uploads\/2025\/03\/Gruppe-6.png","contentUrl":"https:\/\/stucki.ch\/wp-content\/uploads\/2025\/03\/Gruppe-6.png","width":519,"height":121,"caption":"Stucki"},"image":{"@id":"https:\/\/stucki.ch\/#\/schema\/logo\/image\/"},"sameAs":["https:\/\/www.linkedin.com\/company\/stucki-leadership-teambuilding-ag\/","https:\/\/www.instagram.com\/stucki_leadership\/"]}]}},"_links":{"self":[{"href":"https:\/\/stucki.ch\/de\/wp-json\/wp\/v2\/pages\/987513117","targetHints":{"allow":["GET"]}}],"collection":[{"href":"https:\/\/stucki.ch\/de\/wp-json\/wp\/v2\/pages"}],"about":[{"href":"https:\/\/stucki.ch\/de\/wp-json\/wp\/v2\/types\/page"}],"author":[{"embeddable":true,"href":"https:\/\/stucki.ch\/de\/wp-json\/wp\/v2\/users\/1"}],"replies":[{"embeddable":true,"href":"https:\/\/stucki.ch\/de\/wp-json\/wp\/v2\/comments?post=987513117"}],"version-history":[{"count":9,"href":"https:\/\/stucki.ch\/de\/wp-json\/wp\/v2\/pages\/987513117\/revisions"}],"predecessor-version":[{"id":987515029,"href":"https:\/\/stucki.ch\/de\/wp-json\/wp\/v2\/pages\/987513117\/revisions\/987515029"}],"wp:attachment":[{"href":"https:\/\/stucki.ch\/de\/wp-json\/wp\/v2\/media?parent=987513117"}],"wp:term":[{"taxonomy":"dipi_cpt_category","embeddable":true,"href":"https:\/\/stucki.ch\/de\/wp-json\/wp\/v2\/dipi_cpt_category?post=987513117"}],"curies":[{"name":"wp","href":"https:\/\/api.w.org\/{rel}","templated":true}]}}