{"id":987513124,"date":"2022-09-09T03:31:46","date_gmt":"2022-09-09T03:31:46","guid":{"rendered":"https:\/\/stucki.redconic.com\/testimonials\/"},"modified":"2025-07-19T14:10:16","modified_gmt":"2025-07-19T14:10:16","slug":"kundenstimmen-stucki","status":"publish","type":"page","link":"https:\/\/stucki.ch\/de\/kundenstimmen-stucki\/","title":{"rendered":"Referenz"},"content":{"rendered":"<p>[et_pb_section fb_built=&#8220;1&#8243; custom_padding_last_edited=&#8220;on|tablet&#8220; next_background_color=&#8220;#ffffff&#8220; admin_label=&#8220;Section&#8220; _builder_version=&#8220;4.27.4&#8243; _module_preset=&#8220;default&#8220; background_enable_color=&#8220;off&#8220; use_background_color_gradient=&#8220;on&#8220; background_color_gradient_stops=&#8220;rgba(0,199,139,0.97) 0%|rgba(21,80,47,0.92) 100%&#8220; background_color_gradient_overlays_image=&#8220;on&#8220; background_image=&#8220;https:\/\/demo.divi-pixel.com\/corporate\/wp-content\/uploads\/sites\/28\/2022\/09\/img-01.jpg&#8220; custom_padding=&#8220;120px||90px||false|false&#8220; custom_padding_tablet=&#8220;0px||50px||false|false&#8220; custom_padding_phone=&#8220;0px||50px||false|false&#8220; bottom_divider_style=&#8220;mountains2&#8243; bottom_divider_height=&#8220;70px&#8220; locked=&#8220;off&#8220; global_colors_info=&#8220;{}&#8220;][et_pb_row _builder_version=&#8220;4.17.3&#8243; _module_preset=&#8220;default&#8220; global_colors_info=&#8220;{}&#8220;][et_pb_column type=&#8220;4_4&#8243; _builder_version=&#8220;4.17.3&#8243; _module_preset=&#8220;default&#8220; global_colors_info=&#8220;{}&#8220;][et_pb_text _builder_version=&#8220;4.27.4&#8243; _module_preset=&#8220;default&#8220; text_font=&#8220;|||on|||||&#8220; text_text_color=&#8220;#FFFFFF&#8220; text_letter_spacing=&#8220;2px&#8220; text_orientation=&#8220;center&#8220; custom_margin=&#8220;||15px||false|false&#8220; custom_margin_tablet=&#8220;||15px||false|false&#8220; custom_margin_phone=&#8220;||10px||false|false&#8220; custom_margin_last_edited=&#8220;on|phone&#8220; text_font_size_tablet=&#8220;16px&#8220; text_font_size_phone=&#8220;14px&#8220; text_font_size_last_edited=&#8220;on|phone&#8220; locked=&#8220;off&#8220; global_colors_info=&#8220;{}&#8220;]<\/p>\n<p>Kundenstimmen<\/p>\n<p>[\/et_pb_text][et_pb_text _builder_version=&#8220;4.27.4&#8243; _module_preset=&#8220;default&#8220; header_font=&#8220;|600|||||||&#8220; header_text_align=&#8220;center&#8220; header_text_color=&#8220;#FFFFFF&#8220; header_font_size=&#8220;65px&#8220; header_line_height=&#8220;1.2em&#8220; custom_margin=&#8220;||-1px||false|false&#8220; header_font_size_tablet=&#8220;65px&#8220; header_font_size_phone=&#8220;40px&#8220; header_font_size_last_edited=&#8220;on|phone&#8220; locked=&#8220;off&#8220; global_colors_info=&#8220;{}&#8220;]<\/p>\n<h1>Referenzen<\/h1>\n<p>[\/et_pb_text][dipi_breadcrumbs bc_items_alignment=&#8220;dipi-bc-center&#8220; bc_separator_color=&#8220;#D8F3DD&#8220; _builder_version=&#8220;4.27.4&#8243; _module_preset=&#8220;default&#8220; items_font=&#8220;||||||||&#8220; items_text_color=&#8220;#FFFFFF&#8220; hover_text_color=&#8220;#FFFFFF&#8220; active_font=&#8220;||||||||&#8220; active_text_color=&#8220;#D8F3DD&#8220; background_color=&#8220;RGBA(255,255,255,0)&#8220; width=&#8220;250px&#8220; width_tablet=&#8220;100%&#8220; width_phone=&#8220;100%&#8220; width_last_edited=&#8220;on|tablet&#8220; module_alignment=&#8220;center&#8220; custom_padding=&#8220;10px||10px||true|false&#8220; module_alignment_tablet=&#8220;center&#8220; module_alignment_phone=&#8220;center&#8220; module_alignment_last_edited=&#8220;off|desktop&#8220; locked=&#8220;off&#8220; global_colors_info=&#8220;{}&#8220;][\/dipi_breadcrumbs][\/et_pb_column][\/et_pb_row][\/et_pb_section][et_pb_section fb_built=&#8220;1&#8243; _builder_version=&#8220;4.17.3&#8243; _module_preset=&#8220;default&#8220; locked=&#8220;off&#8220; global_colors_info=&#8220;{}&#8220;][et_pb_row column_structure=&#8220;1_2,1_2&#8243; make_equal=&#8220;on&#8220; _builder_version=&#8220;4.27.4&#8243; _module_preset=&#8220;default&#8220; locked=&#8220;off&#8220; global_colors_info=&#8220;{}&#8220;][et_pb_column type=&#8220;1_2&#8243; _builder_version=&#8220;4.17.3&#8243; _module_preset=&#8220;default&#8220; global_colors_info=&#8220;{}&#8220;][et_pb_image src=&#8220;https:\/\/stucki.ch\/wp-content\/uploads\/2025\/02\/DSC02503-scaled-1-1.jpg&#8220; title_text=&#8220;DSC02503-scaled (1)&#8220; align=&#8220;center&#8220; _builder_version=&#8220;4.27.4&#8243; _module_preset=&#8220;default&#8220; global_colors_info=&#8220;{}&#8220;][\/et_pb_image][\/et_pb_column][et_pb_column type=&#8220;1_2&#8243; _builder_version=&#8220;4.27.4&#8243; _module_preset=&#8220;default&#8220; custom_css_main_element=&#8220;margin: auto;&#8220; global_colors_info=&#8220;{}&#8220;][et_pb_text _builder_version=&#8220;4.27.4&#8243; _module_preset=&#8220;default&#8220; header_2_font=&#8220;|600|||||||&#8220; header_2_font_size=&#8220;45px&#8220; header_2_line_height=&#8220;1.2em&#8220; custom_margin=&#8220;||10px||false|false&#8220; header_2_font_size_tablet=&#8220;45px&#8220; header_2_font_size_phone=&#8220;30px&#8220; header_2_font_size_last_edited=&#8220;on|phone&#8220; global_colors_info=&#8220;{}&#8220;]<\/p>\n<h2>Beispiele unserer Arbeit<\/h2>\n<p>[\/et_pb_text][et_pb_text _builder_version=&#8220;4.27.4&#8243; _module_preset=&#8220;default&#8220; global_colors_info=&#8220;{}&#8220;]<\/p>\n<p data-start=\"511\" data-end=\"686\">Unsere Kunden haben durch die Zusammenarbeit mit uns bedeutende Erfolge erzielt. <strong data-start=\"592\" data-end=\"610\">Dar\u00fcber hinaus<\/strong> konnten sie nachhaltige Ver\u00e4nderungen in ihren Organisationen etablieren.<\/p>\n<p data-start=\"688\" data-end=\"869\">Wir sind stolz darauf, langfristige Partnerschaften mit ihnen und ihren Teams aufgebaut zu haben. <strong data-start=\"786\" data-end=\"795\">Dabei<\/strong> standen Vertrauen, Offenheit und gemeinsame Ziele stets im Mittelpunkt.<\/p>\n<p data-start=\"871\" data-end=\"1080\"><strong data-start=\"871\" data-end=\"887\">Im Folgenden<\/strong> zeigen wir einige Erfolge unserer Kunden und unsere Rolle in ihrem Wachstum. <strong data-start=\"965\" data-end=\"997\">Diese Beispiele helfen Ihnen<\/strong>, ein besseres Verst\u00e4ndnis daf\u00fcr zu gewinnen, was wir gemeinsam erreichen k\u00f6nnen.<\/p>\n<p>[\/et_pb_text][\/et_pb_column][\/et_pb_row][\/et_pb_section][et_pb_section fb_built=&#8220;1&#8243; prev_background_color=&#8220;#ffffff&#8220; _builder_version=&#8220;4.27.4&#8243; _module_preset=&#8220;default&#8220; background_color=&#8220;#00c78b&#8220; custom_padding=&#8220;132px||102px||false|false&#8220; top_divider_style=&#8220;mountains2&#8243; bottom_divider_height=&#8220;50px&#8220; locked=&#8220;off&#8220; global_colors_info=&#8220;{}&#8220;][et_pb_row _builder_version=&#8220;4.17.3&#8243; _module_preset=&#8220;default&#8220; custom_padding=&#8220;||8px|||&#8220; global_colors_info=&#8220;{}&#8220;][et_pb_column type=&#8220;4_4&#8243; _builder_version=&#8220;4.17.3&#8243; _module_preset=&#8220;default&#8220; global_colors_info=&#8220;{}&#8220;][et_pb_text _builder_version=&#8220;4.27.4&#8243; _module_preset=&#8220;default&#8220; header_2_font=&#8220;|600|||||||&#8220; header_2_text_align=&#8220;center&#8220; header_2_text_color=&#8220;#FFFFFF&#8220; header_2_font_size=&#8220;55px&#8220; header_2_line_height=&#8220;1.2em&#8220; custom_margin=&#8220;||10px||false|false&#8220; header_2_font_size_tablet=&#8220;45px&#8220; header_2_font_size_phone=&#8220;30px&#8220; header_2_font_size_last_edited=&#8220;on|tablet&#8220; locked=&#8220;off&#8220; global_colors_info=&#8220;{}&#8220;]<\/p>\n<h2>Die Stimme unserer Kunden<\/h2>\n<p>[\/et_pb_text][et_pb_text _builder_version=&#8220;4.27.4&#8243; _module_preset=&#8220;default&#8220; text_text_color=&#8220;#FFFFFF&#8220; text_font_size=&#8220;18px&#8220; text_orientation=&#8220;center&#8220; hover_enabled=&#8220;0&#8243; global_colors_info=&#8220;{}&#8220; sticky_enabled=&#8220;0&#8243;]<\/p>\n<p data-start=\"1115\" data-end=\"1355\">Wir f\u00fchlen uns geehrt und freuen uns, dass unsere Kunden die Zusammenarbeit mit uns so sch\u00e4tzen, dass sie immer wieder zu uns zur\u00fcckkehren. <strong data-start=\"1255\" data-end=\"1285\">Ihr Feedback best\u00e4tigt uns<\/strong> in unserer Haltung und zeigt, dass unsere Arbeit Wirkung entfaltet.<\/p>\n<p data-start=\"1357\" data-end=\"1660\"><strong data-start=\"1357\" data-end=\"1368\">Deshalb<\/strong> ist dieses Feedback f\u00fcr uns von unsch\u00e4tzbarem Wert. <strong data-start=\"1421\" data-end=\"1437\">Es hilft uns<\/strong>, die Bed\u00fcrfnisse unserer Kunden noch besser zu verstehen. <strong data-start=\"1496\" data-end=\"1522\">Gleichzeitig best\u00e4rken<\/strong> uns die positiven R\u00fcckmeldungen in unserem Engagement, weiterhin erstklassige L\u00f6sungen zu bieten und nachhaltigen Mehrwert zu schaffen.<\/p>\n<p>[\/et_pb_text][\/et_pb_column][\/et_pb_row][\/et_pb_section][et_pb_section fb_built=&#8220;1&#8243; _builder_version=&#8220;4.27.4&#8243; _module_preset=&#8220;default&#8220; custom_padding=&#8220;||30px|||&#8220; locked=&#8220;off&#8220; global_colors_info=&#8220;{}&#8220;][et_pb_row custom_padding_last_edited=&#8220;on|phone&#8220; _builder_version=&#8220;4.27.4&#8243; _module_preset=&#8220;default&#8220; background_image=&#8220;https:\/\/stucki.ch\/wp-content\/uploads\/2025\/02\/Screenshot-2025-02-25-003228.jpg&#8220; custom_margin=&#8220;-150px||30px||false|false&#8220; custom_margin_tablet=&#8220;-120px||30px||false|false&#8220; custom_margin_phone=&#8220;-120px||30px||false|false&#8220; custom_margin_last_edited=&#8220;on|tablet&#8220; custom_padding=&#8220;220px||220px||true|false&#8220; custom_padding_tablet=&#8220;120px||120px||true|false&#8220; custom_padding_phone=&#8220;80px||80px||true|false&#8220; scroll_scaling_enable=&#8220;on&#8220; scroll_scaling=&#8220;0|50|50|100|80%|100|100&#8243; border_width_all=&#8220;10px&#8220; border_color_all=&#8220;#F8FAFF&#8220; global_colors_info=&#8220;{}&#8220;][et_pb_column type=&#8220;4_4&#8243; _builder_version=&#8220;4.27.4&#8243; _module_preset=&#8220;default&#8220; global_colors_info=&#8220;{}&#8220;][et_pb_icon font_icon=&#8220;&#xf04b;||fa||900&#8243; icon_color=&#8220;#FFFFFF&#8220; icon_width=&#8220;30px&#8220; module_id=&#8220;dipi_popup_id_987513882&#8243; _builder_version=&#8220;4.27.4&#8243; _module_preset=&#8220;default&#8220; background_color=&#8220;#00c78b&#8220; custom_padding=&#8220;30px|30px|30px|34px|true|false&#8220; custom_padding_tablet=&#8220;15px|20px|15px|20px|true|true&#8220; custom_padding_phone=&#8220;15px|20px|15px|20px|true|true&#8220; custom_padding_last_edited=&#8220;on|tablet&#8220; border_width_all=&#8220;10px&#8220; border_color_all=&#8220;#d6dfff&#8220; global_colors_info=&#8220;{}&#8220;][\/et_pb_icon][\/et_pb_column][\/et_pb_row][\/et_pb_section][et_pb_section fb_built=&#8220;1&#8243; module_id=&#8220;casestories&#8220; _builder_version=&#8220;4.27.4&#8243; _module_preset=&#8220;default&#8220; background_color=&#8220;#D8F3DD&#8220; global_colors_info=&#8220;{}&#8220;][et_pb_row _builder_version=&#8220;4.27.4&#8243; _module_preset=&#8220;default&#8220; global_colors_info=&#8220;{}&#8220;][et_pb_column type=&#8220;4_4&#8243; _builder_version=&#8220;4.27.4&#8243; _module_preset=&#8220;default&#8220; global_colors_info=&#8220;{}&#8220;][et_pb_text _builder_version=&#8220;4.27.4&#8243; _module_preset=&#8220;default&#8220; header_2_font=&#8220;|600|||||||&#8220; header_2_text_align=&#8220;center&#8220; header_2_font_size=&#8220;45px&#8220; header_2_line_height=&#8220;1.2em&#8220; custom_margin=&#8220;||10px||false|false&#8220; header_2_font_size_tablet=&#8220;45px&#8220; header_2_font_size_phone=&#8220;30px&#8220; header_2_font_size_last_edited=&#8220;on|phone&#8220; locked=&#8220;off&#8220; global_colors_info=&#8220;{}&#8220;]<\/p>\n<h2>Kundenstimmen Stucki \u2013 Erfolgreiche Zusammenarbeit erleben<\/p>\n<\/h2>\n<p>[\/et_pb_text][et_pb_de_mach_archive_loop post_type_choose=&#8220;case-stories&#8220; loop_layout=&#8220;987513380&#8243; animation_color=&#8220;#00C78B&#8220; posts_number=&#8220;9&#8243; order_asc_desc=&#8220;DESC&#8220; enable_loadmore=&#8220;pagination&#8220; equal_height=&#8220;on&#8220; align_last_bottom=&#8220;on&#8220; columns=&#8220;3&#8243; pagination_item_background=&#8220;#15502F&#8220; pagination_item_background_active=&#8220;#00C78B&#8220; _builder_version=&#8220;4.27.4&#8243; _module_preset=&#8220;default&#8220; pagination_font_text_color=&#8220;#FFFFFF&#8220; pagination_font_font_size=&#8220;16px&#8220; active_pagination_text_color=&#8220;#FFFFFF&#8220; active_pagination_font_size=&#8220;16px&#8220; locked=&#8220;off&#8220; global_colors_info=&#8220;{}&#8220;][\/et_pb_de_mach_archive_loop][\/et_pb_column][\/et_pb_row][\/et_pb_section][et_pb_section fb_built=&#8220;1&#8243; _builder_version=&#8220;4.17.3&#8243; _module_preset=&#8220;default&#8220; global_colors_info=&#8220;{}&#8220;][et_pb_row _builder_version=&#8220;4.17.3&#8243; _module_preset=&#8220;default&#8220; global_colors_info=&#8220;{}&#8220;][et_pb_column type=&#8220;4_4&#8243; _builder_version=&#8220;4.17.3&#8243; _module_preset=&#8220;default&#8220; global_colors_info=&#8220;{}&#8220;][dipi_testimonial total_testimonial=&#8220;50&#8243; use_hide_img=&#8220;on&#8220; use_hide_rating=&#8220;on&#8220; review_length=&#8220;40&#8243; readmore_text=&#8220;Mehr lesen&#8220; orderby=&#8220;date_asc&#8220; testimonial_categories=&#8220;77&#8243; use_show_popup_rating=&#8220;off&#8220; rating_color=&#8220;#00c78b&#8220; empty_rating_color=&#8220;#d6d6d6&#8243; columns=&#8220;3&#8243; container_padding=&#8220;0px|0px|0px|0px|true|true&#8220; navigation=&#8220;on&#8220; navigation_on_hover=&#8220;on&#8220; use_navi_prev_icon=&#8220;on&#8220; navi_prev_icon=&#8220;&#x38;||divi||400&#8243; use_navi_next_icon=&#8220;on&#8220; navi_next_icon=&#8220;&#x39;||divi||400&#8243; navi_size=&#8220;30&#8243; navi_padding=&#8220;25&#8243; navi_color=&#8220;#FFFFFF&#8220; navi_bg_color=&#8220;#00c78b&#8220; img_width=&#8220;50%&#8220; item_padding=&#8220;40px|30px|40px|30px|true|true&#8220; item_bg_color=&#8220;#FAFAFA&#8220; columns_tablet=&#8220;2&#8243; columns_phone=&#8220;1&#8243; columns_last_edited=&#8220;on|tablet&#8220; space_between_tablet=&#8220;20&#8243; space_between_phone=&#8220;20&#8243; space_between_last_edited=&#8220;on|tablet&#8220; navi_size_tablet=&#8220;30&#8243; navi_size_phone=&#8220;20&#8243; navi_size_last_edited=&#8220;on|phone&#8220; navi_padding_tablet=&#8220;25&#8243; navi_padding_phone=&#8220;10&#8243; navi_padding_last_edited=&#8220;on|phone&#8220; navi_position_left_tablet=&#8220;&#8220; navi_position_left_phone=&#8220;-30&#8243; navi_position_left_last_edited=&#8220;on|phone&#8220; navi_position_right_tablet=&#8220;&#8220; navi_position_right_phone=&#8220;-30&#8243; navi_position_right_last_edited=&#8220;on|phone&#8220; _builder_version=&#8220;4.27.4&#8243; _module_preset=&#8220;default&#8220; header_3_font_size=&#8220;19px&#8220; header_3_line_height=&#8220;1.4em&#8220; header_4_text_color=&#8220;#333333&#8243; testimonial_name_font=&#8220;|700|||||||&#8220; testimonial_name_text_color=&#8220;#333333&#8243; testimonial_name_font_size=&#8220;20px&#8220; testimonial_name_line_height=&#8220;1em&#8220; testimonial_text_font_size=&#8220;16px&#8220; testimonial_text_line_height=&#8220;1.8em&#8220; company_name_font=&#8220;|500||on|||||&#8220; company_name_line_height=&#8220;1.5em&#8220; readmore_font=&#8220;|600|||||||&#8220; readmore_line_height=&#8220;1.2em&#8220; locked=&#8220;off&#8220; global_colors_info=&#8220;{}&#8220; navi_bg_color__hover_enabled=&#8220;on|hover&#8220; navi_bg_color__hover=&#8220;#15502f&#8220;][\/dipi_testimonial][\/et_pb_column][\/et_pb_row][\/et_pb_section]<\/p>\n","protected":false},"excerpt":{"rendered":"<p>KundenstimmenReferenzen<div class=\"et_pb_module dipi_breadcrumbs dipi_breadcrumbs_0\">\n\t\t\t\t\n\t\t\t\t\n\t\t\t\t\n\t\t\t\t\n\t\t\t\t\n\t\t\t\t\n\t\t\t\t<div class=\"et_pb_module_inner\">\n\t\t\t\t\t<div class=\"dipi-breadcrumbs dipi-bc-center\">\n                <ul >\n                    \n                                                        <li  class=\"dipi-breadcrumb-item dipi-breadcrumb-home\">\n\n                                                    <a  href=\"https:\/\/stucki.ch\/de\/\">\n                                <span  content=\"Home\">\n                                                                        Stucki                                <\/span>\n                            <\/a>\n\n                                                <meta itemprop=\"position\" content=\"1\"\/>                    <\/li>\n\n                    <li class=\"dipi-breadcrumb-separator\">\n                    <span class=\"et-pb-icon dipi-separator-icon\">$<\/span>\n                <\/li>                            \n                <\/ul>\n            <\/div>\n\t\t\t\t<\/div>\n\t\t\t<\/div>Beispiele unserer ArbeitUnsere Kunden haben durch die Zusammenarbeit mit uns bedeutende Erfolge erzielt. Dar\u00fcber hinaus konnten sie nachhaltige Ver\u00e4nderungen in ihren Organisationen etablieren. Wir sind stolz darauf, langfristige Partnerschaften mit ihnen und ihren Teams [&hellip;]<\/p>\n","protected":false},"author":1,"featured_media":0,"parent":0,"menu_order":0,"comment_status":"closed","ping_status":"closed","template":"","meta":{"_acf_changed":false,"_et_pb_use_builder":"on","_et_pb_old_content":"","_et_gb_content_width":"","footnotes":""},"dipi_cpt_category":[],"class_list":["post-987513124","page","type-page","status-publish","hentry"],"acf":[],"yoast_head":"<!-- This site is optimized with the Yoast SEO plugin v27.4 - https:\/\/yoast.com\/product\/yoast-seo-wordpress\/ -->\n<title>Referenz - Stucki<\/title>\n<meta name=\"description\" content=\"Kundenstimmen Stucki: Erfahren Sie, wie Unternehmen durch unsere Partnerschaft nachhaltige Transformationen erfolgreich umgesetzt haben.\" \/>\n<meta name=\"robots\" content=\"index, follow, max-snippet:-1, max-image-preview:large, max-video-preview:-1\" \/>\n<link rel=\"canonical\" href=\"https:\/\/stucki.ch\/de\/kundenstimmen-stucki\/\" \/>\n<meta property=\"og:locale\" content=\"de_DE\" \/>\n<meta property=\"og:type\" content=\"article\" \/>\n<meta property=\"og:title\" content=\"Referenz - Stucki\" \/>\n<meta property=\"og:description\" content=\"Kundenstimmen Stucki: Erfahren Sie, wie Unternehmen durch unsere Partnerschaft nachhaltige Transformationen erfolgreich umgesetzt haben.\" \/>\n<meta property=\"og:site_name\" content=\"Stucki\" \/>\n<meta property=\"article:modified_time\" content=\"2025-07-19T14:10:16+00:00\" \/>\n<meta name=\"twitter:card\" content=\"summary_large_image\" \/>\n<meta name=\"twitter:label1\" content=\"Gesch\u00e4tzte Lesezeit\" \/>\n\t<meta name=\"twitter:data1\" content=\"17\u00a0Minuten\" \/>\n<script type=\"application\/ld+json\" class=\"yoast-schema-graph\">{\"@context\":\"https:\\\/\\\/schema.org\",\"@graph\":[{\"@type\":\"WebPage\",\"@id\":\"https:\\\/\\\/stucki.ch\\\/de\\\/kundenstimmen-stucki\\\/\",\"url\":\"https:\\\/\\\/stucki.ch\\\/de\\\/kundenstimmen-stucki\\\/\",\"name\":\"Referenz - Stucki\",\"isPartOf\":{\"@id\":\"https:\\\/\\\/stucki.ch\\\/#website\"},\"datePublished\":\"2022-09-09T03:31:46+00:00\",\"dateModified\":\"2025-07-19T14:10:16+00:00\",\"description\":\"Kundenstimmen Stucki: Erfahren Sie, wie Unternehmen durch unsere Partnerschaft nachhaltige Transformationen erfolgreich umgesetzt haben.\",\"breadcrumb\":{\"@id\":\"https:\\\/\\\/stucki.ch\\\/de\\\/kundenstimmen-stucki\\\/#breadcrumb\"},\"inLanguage\":\"de\",\"potentialAction\":[{\"@type\":\"ReadAction\",\"target\":[\"https:\\\/\\\/stucki.ch\\\/de\\\/kundenstimmen-stucki\\\/\"]}]},{\"@type\":\"BreadcrumbList\",\"@id\":\"https:\\\/\\\/stucki.ch\\\/de\\\/kundenstimmen-stucki\\\/#breadcrumb\",\"itemListElement\":[{\"@type\":\"ListItem\",\"position\":1,\"name\":\"Home\",\"item\":\"https:\\\/\\\/stucki.ch\\\/de\\\/\"},{\"@type\":\"ListItem\",\"position\":2,\"name\":\"Referenz\"}]},{\"@type\":\"WebSite\",\"@id\":\"https:\\\/\\\/stucki.ch\\\/#website\",\"url\":\"https:\\\/\\\/stucki.ch\\\/\",\"name\":\"Stucki\",\"description\":\"Leadership &amp; Team Development\",\"publisher\":{\"@id\":\"https:\\\/\\\/stucki.ch\\\/#organization\"},\"potentialAction\":[{\"@type\":\"SearchAction\",\"target\":{\"@type\":\"EntryPoint\",\"urlTemplate\":\"https:\\\/\\\/stucki.ch\\\/?s={search_term_string}\"},\"query-input\":{\"@type\":\"PropertyValueSpecification\",\"valueRequired\":true,\"valueName\":\"search_term_string\"}}],\"inLanguage\":\"de\"},{\"@type\":\"Organization\",\"@id\":\"https:\\\/\\\/stucki.ch\\\/#organization\",\"name\":\"Stucki\",\"url\":\"https:\\\/\\\/stucki.ch\\\/\",\"logo\":{\"@type\":\"ImageObject\",\"inLanguage\":\"de\",\"@id\":\"https:\\\/\\\/stucki.ch\\\/#\\\/schema\\\/logo\\\/image\\\/\",\"url\":\"https:\\\/\\\/stucki.ch\\\/wp-content\\\/uploads\\\/2025\\\/03\\\/Gruppe-6.png\",\"contentUrl\":\"https:\\\/\\\/stucki.ch\\\/wp-content\\\/uploads\\\/2025\\\/03\\\/Gruppe-6.png\",\"width\":519,\"height\":121,\"caption\":\"Stucki\"},\"image\":{\"@id\":\"https:\\\/\\\/stucki.ch\\\/#\\\/schema\\\/logo\\\/image\\\/\"},\"sameAs\":[\"https:\\\/\\\/www.linkedin.com\\\/company\\\/stucki-leadership-teambuilding-ag\\\/\",\"https:\\\/\\\/www.instagram.com\\\/stucki_leadership\\\/\"]}]}<\/script>\n<!-- \/ Yoast SEO plugin. -->","yoast_head_json":{"title":"Referenz - Stucki","description":"Kundenstimmen Stucki: Erfahren Sie, wie Unternehmen durch unsere Partnerschaft nachhaltige Transformationen erfolgreich umgesetzt haben.","robots":{"index":"index","follow":"follow","max-snippet":"max-snippet:-1","max-image-preview":"max-image-preview:large","max-video-preview":"max-video-preview:-1"},"canonical":"https:\/\/stucki.ch\/de\/kundenstimmen-stucki\/","og_locale":"de_DE","og_type":"article","og_title":"Referenz - Stucki","og_description":"Kundenstimmen Stucki: Erfahren Sie, wie Unternehmen durch unsere Partnerschaft nachhaltige Transformationen erfolgreich umgesetzt haben.","og_site_name":"Stucki","article_modified_time":"2025-07-19T14:10:16+00:00","twitter_card":"summary_large_image","twitter_misc":{"Gesch\u00e4tzte Lesezeit":"17\u00a0Minuten"},"schema":{"@context":"https:\/\/schema.org","@graph":[{"@type":"WebPage","@id":"https:\/\/stucki.ch\/de\/kundenstimmen-stucki\/","url":"https:\/\/stucki.ch\/de\/kundenstimmen-stucki\/","name":"Referenz - Stucki","isPartOf":{"@id":"https:\/\/stucki.ch\/#website"},"datePublished":"2022-09-09T03:31:46+00:00","dateModified":"2025-07-19T14:10:16+00:00","description":"Kundenstimmen Stucki: Erfahren Sie, wie Unternehmen durch unsere Partnerschaft nachhaltige Transformationen erfolgreich umgesetzt haben.","breadcrumb":{"@id":"https:\/\/stucki.ch\/de\/kundenstimmen-stucki\/#breadcrumb"},"inLanguage":"de","potentialAction":[{"@type":"ReadAction","target":["https:\/\/stucki.ch\/de\/kundenstimmen-stucki\/"]}]},{"@type":"BreadcrumbList","@id":"https:\/\/stucki.ch\/de\/kundenstimmen-stucki\/#breadcrumb","itemListElement":[{"@type":"ListItem","position":1,"name":"Home","item":"https:\/\/stucki.ch\/de\/"},{"@type":"ListItem","position":2,"name":"Referenz"}]},{"@type":"WebSite","@id":"https:\/\/stucki.ch\/#website","url":"https:\/\/stucki.ch\/","name":"Stucki","description":"Leadership &amp; Team Development","publisher":{"@id":"https:\/\/stucki.ch\/#organization"},"potentialAction":[{"@type":"SearchAction","target":{"@type":"EntryPoint","urlTemplate":"https:\/\/stucki.ch\/?s={search_term_string}"},"query-input":{"@type":"PropertyValueSpecification","valueRequired":true,"valueName":"search_term_string"}}],"inLanguage":"de"},{"@type":"Organization","@id":"https:\/\/stucki.ch\/#organization","name":"Stucki","url":"https:\/\/stucki.ch\/","logo":{"@type":"ImageObject","inLanguage":"de","@id":"https:\/\/stucki.ch\/#\/schema\/logo\/image\/","url":"https:\/\/stucki.ch\/wp-content\/uploads\/2025\/03\/Gruppe-6.png","contentUrl":"https:\/\/stucki.ch\/wp-content\/uploads\/2025\/03\/Gruppe-6.png","width":519,"height":121,"caption":"Stucki"},"image":{"@id":"https:\/\/stucki.ch\/#\/schema\/logo\/image\/"},"sameAs":["https:\/\/www.linkedin.com\/company\/stucki-leadership-teambuilding-ag\/","https:\/\/www.instagram.com\/stucki_leadership\/"]}]}},"_links":{"self":[{"href":"https:\/\/stucki.ch\/de\/wp-json\/wp\/v2\/pages\/987513124","targetHints":{"allow":["GET"]}}],"collection":[{"href":"https:\/\/stucki.ch\/de\/wp-json\/wp\/v2\/pages"}],"about":[{"href":"https:\/\/stucki.ch\/de\/wp-json\/wp\/v2\/types\/page"}],"author":[{"embeddable":true,"href":"https:\/\/stucki.ch\/de\/wp-json\/wp\/v2\/users\/1"}],"replies":[{"embeddable":true,"href":"https:\/\/stucki.ch\/de\/wp-json\/wp\/v2\/comments?post=987513124"}],"version-history":[{"count":4,"href":"https:\/\/stucki.ch\/de\/wp-json\/wp\/v2\/pages\/987513124\/revisions"}],"predecessor-version":[{"id":987514733,"href":"https:\/\/stucki.ch\/de\/wp-json\/wp\/v2\/pages\/987513124\/revisions\/987514733"}],"wp:attachment":[{"href":"https:\/\/stucki.ch\/de\/wp-json\/wp\/v2\/media?parent=987513124"}],"wp:term":[{"taxonomy":"dipi_cpt_category","embeddable":true,"href":"https:\/\/stucki.ch\/de\/wp-json\/wp\/v2\/dipi_cpt_category?post=987513124"}],"curies":[{"name":"wp","href":"https:\/\/api.w.org\/{rel}","templated":true}]}}