{"id":987513097,"date":"2025-02-15T17:52:17","date_gmt":"2025-02-15T17:52:17","guid":{"rendered":"https:\/\/stucki.redconic.com\/career\/"},"modified":"2025-07-19T07:33:52","modified_gmt":"2025-07-19T07:33:52","slug":"carriere-stucki-leadership","status":"publish","type":"page","link":"https:\/\/stucki.ch\/fr\/carriere-stucki-leadership\/","title":{"rendered":"Carri\u00e8re"},"content":{"rendered":"<p>[et_pb_section fb_built=\u00a0\u00bb1&Prime; custom_padding_last_edited=\u00a0\u00bbon|phone\u00a0\u00bb next_background_color=\u00a0\u00bb#ffffff\u00a0\u00bb admin_label=\u00a0\u00bbSection\u00a0\u00bb _builder_version=\u00a0\u00bb4.27.4&Prime; _module_preset=\u00a0\u00bbdefault\u00a0\u00bb background_enable_color=\u00a0\u00bboff\u00a0\u00bb use_background_color_gradient=\u00a0\u00bbon\u00a0\u00bb background_color_gradient_stops=\u00a0\u00bbrgba(0,199,139,0.97) 0%|rgba(21,80,47,0.92) 100%\u00a0\u00bb background_color_gradient_overlays_image=\u00a0\u00bbon\u00a0\u00bb background_image=\u00a0\u00bbhttps:\/\/stucki.ch\/wp-content\/uploads\/2022\/09\/img-01-1.jpg\u00a0\u00bb custom_padding=\u00a0\u00bb120px||90px||false|false\u00a0\u00bb custom_padding_tablet=\u00a0\u00bb100px||50px||false|false\u00a0\u00bb custom_padding_phone=\u00a0\u00bb100px||50px||false|false\u00a0\u00bb bottom_divider_style=\u00a0\u00bbmountains2&Prime; bottom_divider_height=\u00a0\u00bb70px\u00a0\u00bb locked=\u00a0\u00bboff\u00a0\u00bb global_colors_info=\u00a0\u00bb{}\u00a0\u00bb][et_pb_row _builder_version=\u00a0\u00bb4.17.3&Prime; _module_preset=\u00a0\u00bbdefault\u00a0\u00bb global_colors_info=\u00a0\u00bb{}\u00a0\u00bb][et_pb_column type=\u00a0\u00bb4_4&Prime; _builder_version=\u00a0\u00bb4.17.3&Prime; _module_preset=\u00a0\u00bbdefault\u00a0\u00bb global_colors_info=\u00a0\u00bb{}\u00a0\u00bb][et_pb_text _builder_version=\u00a0\u00bb4.27.4&Prime; _dynamic_attributes=\u00a0\u00bbcontent\u00a0\u00bb _module_preset=\u00a0\u00bb_initial\u00a0\u00bb header_font=\u00a0\u00bb|600|||||||\u00a0\u00bb header_text_align=\u00a0\u00bbcenter\u00a0\u00bb header_text_color=\u00a0\u00bb#FFFFFF\u00a0\u00bb header_font_size=\u00a0\u00bb45px\u00a0\u00bb header_line_height=\u00a0\u00bb1.2em\u00a0\u00bb custom_margin=\u00a0\u00bb||2px||false|false\u00a0\u00bb hover_enabled=\u00a0\u00bb0&Prime; header_font_size_tablet=\u00a0\u00bb35px\u00a0\u00bb header_font_size_phone=\u00a0\u00bb25px\u00a0\u00bb header_font_size_last_edited=\u00a0\u00bbon|desktop\u00a0\u00bb locked=\u00a0\u00bboff\u00a0\u00bb global_colors_info=\u00a0\u00bb{}\u00a0\u00bb sticky_enabled=\u00a0\u00bb0&Prime;]@ET-DC@eyJkeW5hbWljIjp0cnVlLCJjb250ZW50IjoicG9zdF90aXRsZSIsInNldHRpbmdzIjp7ImJlZm9yZSI6IjxoMT4iLCJhZnRlciI6IjwvaDE+In19@[\/et_pb_text][dipi_breadcrumbs bc_items_alignment=\u00a0\u00bbdipi-bc-center\u00a0\u00bb bc_separator_color=\u00a0\u00bb#D8F3DD\u00a0\u00bb _builder_version=\u00a0\u00bb4.27.4&Prime; _module_preset=\u00a0\u00bbdefault\u00a0\u00bb items_font=\u00a0\u00bb||||||||\u00a0\u00bb items_text_color=\u00a0\u00bb#FFFFFF\u00a0\u00bb hover_text_color=\u00a0\u00bb#FFFFFF\u00a0\u00bb active_font=\u00a0\u00bb||||||||\u00a0\u00bb active_text_color=\u00a0\u00bb#D8F3DD\u00a0\u00bb background_color=\u00a0\u00bbRGBA(255,255,255,0)\u00a0\u00bb width=\u00a0\u00bb250px\u00a0\u00bb width_tablet=\u00a0\u00bb100%\u00a0\u00bb width_phone=\u00a0\u00bb100%\u00a0\u00bb width_last_edited=\u00a0\u00bbon|tablet\u00a0\u00bb module_alignment=\u00a0\u00bbcenter\u00a0\u00bb custom_padding=\u00a0\u00bb10px||10px||true|false\u00a0\u00bb hover_enabled=\u00a0\u00bb0&Prime; module_alignment_tablet=\u00a0\u00bbcenter\u00a0\u00bb module_alignment_phone=\u00a0\u00bbcenter\u00a0\u00bb module_alignment_last_edited=\u00a0\u00bboff|desktop\u00a0\u00bb global_colors_info=\u00a0\u00bb{}\u00a0\u00bb sticky_enabled=\u00a0\u00bb0&Prime;][\/dipi_breadcrumbs][\/et_pb_column][\/et_pb_row][\/et_pb_section][et_pb_section fb_built=\u00a0\u00bb1&Prime; _builder_version=\u00a0\u00bb4.17.3&Prime; _module_preset=\u00a0\u00bbdefault\u00a0\u00bb global_colors_info=\u00a0\u00bb{}\u00a0\u00bb][et_pb_row make_equal=\u00a0\u00bbon\u00a0\u00bb _builder_version=\u00a0\u00bb4.27.4&Prime; _module_preset=\u00a0\u00bbdefault\u00a0\u00bb global_colors_info=\u00a0\u00bb{}\u00a0\u00bb][et_pb_column type=\u00a0\u00bb4_4&Prime; _builder_version=\u00a0\u00bb4.27.4&Prime; _module_preset=\u00a0\u00bbdefault\u00a0\u00bb global_colors_info=\u00a0\u00bb{}\u00a0\u00bb][et_pb_text _builder_version=\u00a0\u00bb4.27.4&Prime; _module_preset=\u00a0\u00bb_initial\u00a0\u00bb header_2_font=\u00a0\u00bb|600|||||||\u00a0\u00bb header_2_text_align=\u00a0\u00bbcenter\u00a0\u00bb header_2_font_size=\u00a0\u00bb35px\u00a0\u00bb header_2_line_height=\u00a0\u00bb1.2em\u00a0\u00bb custom_margin=\u00a0\u00bb||0px||false|false\u00a0\u00bb hover_enabled=\u00a0\u00bb0&Prime; header_2_font_size_tablet=\u00a0\u00bb30px\u00a0\u00bb header_2_font_size_phone=\u00a0\u00bb25px\u00a0\u00bb header_2_font_size_last_edited=\u00a0\u00bbon|desktop\u00a0\u00bb locked=\u00a0\u00bboff\u00a0\u00bb global_colors_info=\u00a0\u00bb{}\u00a0\u00bb sticky_enabled=\u00a0\u00bb0&Prime;]<\/p>\n<h2>EMPOWERING PEOPLE IS OUR PASSION<\/h2>\n<p>[\/et_pb_text][et_pb_text _builder_version=\u00a0\u00bb4.27.4&Prime; _module_preset=\u00a0\u00bb_initial\u00a0\u00bb text_orientation=\u00a0\u00bbcenter\u00a0\u00bb hover_enabled=\u00a0\u00bb0&Prime; global_colors_info=\u00a0\u00bb{}\u00a0\u00bb sticky_enabled=\u00a0\u00bb0&Prime;]<\/p>\n<p><strong>Bienvenue sur la page carri\u00e8re Stucki Leadership<\/strong>, d\u00e9di\u00e9e \u00e0 ceux qui souhaitent \u00e9voluer dans un environnement stimulant, engag\u00e9 et orient\u00e9 d\u00e9veloppement humain.<br \/>Depuis 1984, nous accompagnons des personnes et des \u00e9quipes dans leur progression professionnelle et personnelle.<\/p>\n<p>Depuis 40 ans, <strong>Stucki Leadership &amp; Team Development<\/strong> soutient des \u00e9quipes dans divers secteurs et pays.<br \/>Nous intervenons dans les domaines du leadership, du travail en \u00e9quipe, de la transformation et du coaching.<\/p>\n<p>Notre m\u00e9thode exclusive, la <strong>M\u00e9thode Stucki\u00ae<\/strong>, cr\u00e9e un apprentissage concret, durable et percutant.<br \/>Elle permet de vivre des exp\u00e9riences formatrices, ancr\u00e9es dans la r\u00e9alit\u00e9 du terrain.<\/p>\n<p>Merci de l\u2019int\u00e9r\u00eat que vous portez \u00e0 <strong>Stucki Leadership &amp; Team Development<\/strong>.<br \/>M\u00eame si aucun poste n\u2019est actuellement ouvert, nous sommes toujours \u00e0 la recherche de nouveaux talents.<\/p>\n<p>Si vous souhaitez \u00e9voluer dans une <strong>carri\u00e8re Stucki Leadership<\/strong>, envoyez une candidature spontan\u00e9e \u00e0 <a href=\"mailto:info@stucki.ch.\">info@stucki.ch.<\/a><br \/>Nous serions ravis d\u2019\u00e9changer avec vous !<\/p>\n<p>[\/et_pb_text][\/et_pb_column][\/et_pb_row][\/et_pb_section]<\/p>\n","protected":false},"excerpt":{"rendered":"<p><div class=\"et_pb_module dipi_breadcrumbs dipi_breadcrumbs_0\">\n\t\t\t\t\n\t\t\t\t\n\t\t\t\t\n\t\t\t\t\n\t\t\t\t\n\t\t\t\t\n\t\t\t\t<div class=\"et_pb_module_inner\">\n\t\t\t\t\t<div class=\"dipi-breadcrumbs dipi-bc-center\">\n                <ul >\n                    \n                                                        <li  class=\"dipi-breadcrumb-item dipi-breadcrumb-home\">\n\n                                                    <a  href=\"https:\/\/stucki.ch\/fr\/\">\n                                <span  content=\"Home\">\n                                                                        Stucki                                <\/span>\n                            <\/a>\n\n                                                <meta itemprop=\"position\" content=\"1\"\/>                    <\/li>\n\n                    <li class=\"dipi-breadcrumb-separator\">\n                    <span class=\"et-pb-icon dipi-separator-icon\">$<\/span>\n                <\/li>                            \n                <\/ul>\n            <\/div>\n\t\t\t\t<\/div>\n\t\t\t<\/div>EMPOWERING PEOPLE IS OUR PASSIONBienvenue sur la page carri\u00e8re Stucki Leadership, d\u00e9di\u00e9e \u00e0 ceux qui souhaitent \u00e9voluer dans un environnement stimulant, engag\u00e9 et orient\u00e9 d\u00e9veloppement humain.Depuis 1984, nous accompagnons des personnes et des [&hellip;]<\/p>\n","protected":false},"author":1,"featured_media":0,"parent":0,"menu_order":0,"comment_status":"closed","ping_status":"closed","template":"","meta":{"_acf_changed":false,"_et_pb_use_builder":"on","_et_pb_old_content":"","_et_gb_content_width":"","footnotes":""},"dipi_cpt_category":[],"class_list":["post-987513097","page","type-page","status-publish","hentry"],"acf":[],"yoast_head":"<!-- This site is optimized with the Yoast SEO plugin v27.4 - https:\/\/yoast.com\/product\/yoast-seo-wordpress\/ -->\n<title>Carri\u00e8re - Stucki<\/title>\n<meta name=\"description\" content=\"Explorez votre carri\u00e8re Stucki Leadership. Rejoignez une \u00e9quipe engag\u00e9e dans le d\u00e9veloppement, le coaching et la transformation.\" \/>\n<meta name=\"robots\" content=\"index, follow, max-snippet:-1, max-image-preview:large, max-video-preview:-1\" \/>\n<link rel=\"canonical\" href=\"https:\/\/stucki.ch\/fr\/carriere-stucki-leadership\/\" \/>\n<meta property=\"og:locale\" content=\"fr_FR\" \/>\n<meta property=\"og:type\" content=\"article\" \/>\n<meta property=\"og:title\" content=\"Carri\u00e8re - Stucki\" \/>\n<meta property=\"og:description\" content=\"Explorez votre carri\u00e8re Stucki Leadership. Rejoignez une \u00e9quipe engag\u00e9e dans le d\u00e9veloppement, le coaching et la transformation.\" \/>\n<meta property=\"og:site_name\" content=\"Stucki\" \/>\n<meta property=\"article:modified_time\" content=\"2025-07-19T07:33:52+00:00\" \/>\n<meta name=\"twitter:card\" content=\"summary_large_image\" \/>\n<meta name=\"twitter:label1\" content=\"Dur\u00e9e de lecture estim\u00e9e\" \/>\n\t<meta name=\"twitter:data1\" content=\"1 minute\" \/>\n<script type=\"application\/ld+json\" class=\"yoast-schema-graph\">{\"@context\":\"https:\\\/\\\/schema.org\",\"@graph\":[{\"@type\":\"WebPage\",\"@id\":\"https:\\\/\\\/stucki.ch\\\/fr\\\/carriere-stucki-leadership\\\/\",\"url\":\"https:\\\/\\\/stucki.ch\\\/fr\\\/carriere-stucki-leadership\\\/\",\"name\":\"Carri\u00e8re - Stucki\",\"isPartOf\":{\"@id\":\"https:\\\/\\\/stucki.ch\\\/#website\"},\"datePublished\":\"2025-02-15T17:52:17+00:00\",\"dateModified\":\"2025-07-19T07:33:52+00:00\",\"description\":\"Explorez votre carri\u00e8re Stucki Leadership. Rejoignez une \u00e9quipe engag\u00e9e dans le d\u00e9veloppement, le coaching et la transformation.\",\"breadcrumb\":{\"@id\":\"https:\\\/\\\/stucki.ch\\\/fr\\\/carriere-stucki-leadership\\\/#breadcrumb\"},\"inLanguage\":\"fr-FR\",\"potentialAction\":[{\"@type\":\"ReadAction\",\"target\":[\"https:\\\/\\\/stucki.ch\\\/fr\\\/carriere-stucki-leadership\\\/\"]}]},{\"@type\":\"BreadcrumbList\",\"@id\":\"https:\\\/\\\/stucki.ch\\\/fr\\\/carriere-stucki-leadership\\\/#breadcrumb\",\"itemListElement\":[{\"@type\":\"ListItem\",\"position\":1,\"name\":\"Home\",\"item\":\"https:\\\/\\\/stucki.ch\\\/fr\\\/\"},{\"@type\":\"ListItem\",\"position\":2,\"name\":\"Carri\u00e8re\"}]},{\"@type\":\"WebSite\",\"@id\":\"https:\\\/\\\/stucki.ch\\\/#website\",\"url\":\"https:\\\/\\\/stucki.ch\\\/\",\"name\":\"Stucki\",\"description\":\"Leadership &amp; Team Development\",\"publisher\":{\"@id\":\"https:\\\/\\\/stucki.ch\\\/#organization\"},\"potentialAction\":[{\"@type\":\"SearchAction\",\"target\":{\"@type\":\"EntryPoint\",\"urlTemplate\":\"https:\\\/\\\/stucki.ch\\\/?s={search_term_string}\"},\"query-input\":{\"@type\":\"PropertyValueSpecification\",\"valueRequired\":true,\"valueName\":\"search_term_string\"}}],\"inLanguage\":\"fr-FR\"},{\"@type\":\"Organization\",\"@id\":\"https:\\\/\\\/stucki.ch\\\/#organization\",\"name\":\"Stucki\",\"url\":\"https:\\\/\\\/stucki.ch\\\/\",\"logo\":{\"@type\":\"ImageObject\",\"inLanguage\":\"fr-FR\",\"@id\":\"https:\\\/\\\/stucki.ch\\\/#\\\/schema\\\/logo\\\/image\\\/\",\"url\":\"https:\\\/\\\/stucki.ch\\\/wp-content\\\/uploads\\\/2025\\\/03\\\/Gruppe-6.png\",\"contentUrl\":\"https:\\\/\\\/stucki.ch\\\/wp-content\\\/uploads\\\/2025\\\/03\\\/Gruppe-6.png\",\"width\":519,\"height\":121,\"caption\":\"Stucki\"},\"image\":{\"@id\":\"https:\\\/\\\/stucki.ch\\\/#\\\/schema\\\/logo\\\/image\\\/\"},\"sameAs\":[\"https:\\\/\\\/www.linkedin.com\\\/company\\\/stucki-leadership-teambuilding-ag\\\/\",\"https:\\\/\\\/www.instagram.com\\\/stucki_leadership\\\/\"]}]}<\/script>\n<!-- \/ Yoast SEO plugin. -->","yoast_head_json":{"title":"Carri\u00e8re - Stucki","description":"Explorez votre carri\u00e8re Stucki Leadership. Rejoignez une \u00e9quipe engag\u00e9e dans le d\u00e9veloppement, le coaching et la transformation.","robots":{"index":"index","follow":"follow","max-snippet":"max-snippet:-1","max-image-preview":"max-image-preview:large","max-video-preview":"max-video-preview:-1"},"canonical":"https:\/\/stucki.ch\/fr\/carriere-stucki-leadership\/","og_locale":"fr_FR","og_type":"article","og_title":"Carri\u00e8re - Stucki","og_description":"Explorez votre carri\u00e8re Stucki Leadership. Rejoignez une \u00e9quipe engag\u00e9e dans le d\u00e9veloppement, le coaching et la transformation.","og_site_name":"Stucki","article_modified_time":"2025-07-19T07:33:52+00:00","twitter_card":"summary_large_image","twitter_misc":{"Dur\u00e9e de lecture estim\u00e9e":"1 minute"},"schema":{"@context":"https:\/\/schema.org","@graph":[{"@type":"WebPage","@id":"https:\/\/stucki.ch\/fr\/carriere-stucki-leadership\/","url":"https:\/\/stucki.ch\/fr\/carriere-stucki-leadership\/","name":"Carri\u00e8re - Stucki","isPartOf":{"@id":"https:\/\/stucki.ch\/#website"},"datePublished":"2025-02-15T17:52:17+00:00","dateModified":"2025-07-19T07:33:52+00:00","description":"Explorez votre carri\u00e8re Stucki Leadership. Rejoignez une \u00e9quipe engag\u00e9e dans le d\u00e9veloppement, le coaching et la transformation.","breadcrumb":{"@id":"https:\/\/stucki.ch\/fr\/carriere-stucki-leadership\/#breadcrumb"},"inLanguage":"fr-FR","potentialAction":[{"@type":"ReadAction","target":["https:\/\/stucki.ch\/fr\/carriere-stucki-leadership\/"]}]},{"@type":"BreadcrumbList","@id":"https:\/\/stucki.ch\/fr\/carriere-stucki-leadership\/#breadcrumb","itemListElement":[{"@type":"ListItem","position":1,"name":"Home","item":"https:\/\/stucki.ch\/fr\/"},{"@type":"ListItem","position":2,"name":"Carri\u00e8re"}]},{"@type":"WebSite","@id":"https:\/\/stucki.ch\/#website","url":"https:\/\/stucki.ch\/","name":"Stucki","description":"Leadership &amp; Team Development","publisher":{"@id":"https:\/\/stucki.ch\/#organization"},"potentialAction":[{"@type":"SearchAction","target":{"@type":"EntryPoint","urlTemplate":"https:\/\/stucki.ch\/?s={search_term_string}"},"query-input":{"@type":"PropertyValueSpecification","valueRequired":true,"valueName":"search_term_string"}}],"inLanguage":"fr-FR"},{"@type":"Organization","@id":"https:\/\/stucki.ch\/#organization","name":"Stucki","url":"https:\/\/stucki.ch\/","logo":{"@type":"ImageObject","inLanguage":"fr-FR","@id":"https:\/\/stucki.ch\/#\/schema\/logo\/image\/","url":"https:\/\/stucki.ch\/wp-content\/uploads\/2025\/03\/Gruppe-6.png","contentUrl":"https:\/\/stucki.ch\/wp-content\/uploads\/2025\/03\/Gruppe-6.png","width":519,"height":121,"caption":"Stucki"},"image":{"@id":"https:\/\/stucki.ch\/#\/schema\/logo\/image\/"},"sameAs":["https:\/\/www.linkedin.com\/company\/stucki-leadership-teambuilding-ag\/","https:\/\/www.instagram.com\/stucki_leadership\/"]}]}},"_links":{"self":[{"href":"https:\/\/stucki.ch\/fr\/wp-json\/wp\/v2\/pages\/987513097","targetHints":{"allow":["GET"]}}],"collection":[{"href":"https:\/\/stucki.ch\/fr\/wp-json\/wp\/v2\/pages"}],"about":[{"href":"https:\/\/stucki.ch\/fr\/wp-json\/wp\/v2\/types\/page"}],"author":[{"embeddable":true,"href":"https:\/\/stucki.ch\/fr\/wp-json\/wp\/v2\/users\/1"}],"replies":[{"embeddable":true,"href":"https:\/\/stucki.ch\/fr\/wp-json\/wp\/v2\/comments?post=987513097"}],"version-history":[{"count":5,"href":"https:\/\/stucki.ch\/fr\/wp-json\/wp\/v2\/pages\/987513097\/revisions"}],"predecessor-version":[{"id":987514616,"href":"https:\/\/stucki.ch\/fr\/wp-json\/wp\/v2\/pages\/987513097\/revisions\/987514616"}],"wp:attachment":[{"href":"https:\/\/stucki.ch\/fr\/wp-json\/wp\/v2\/media?parent=987513097"}],"wp:term":[{"taxonomy":"dipi_cpt_category","embeddable":true,"href":"https:\/\/stucki.ch\/fr\/wp-json\/wp\/v2\/dipi_cpt_category?post=987513097"}],"curies":[{"name":"wp","href":"https:\/\/api.w.org\/{rel}","templated":true}]}}