{"id":987513116,"date":"2022-09-09T03:31:46","date_gmt":"2022-09-09T03:31:46","guid":{"rendered":"https:\/\/stucki.redconic.com\/our-team\/"},"modified":"2025-10-14T13:16:39","modified_gmt":"2025-10-14T13:16:39","slug":"notre-equipe","status":"publish","type":"page","link":"https:\/\/stucki.ch\/fr\/notre-equipe\/","title":{"rendered":"Notre \u00e9quipe"},"content":{"rendered":"<p>[et_pb_section fb_built=\u00a0\u00bb1&Prime; custom_padding_last_edited=\u00a0\u00bbon|tablet\u00a0\u00bb next_background_color=\u00a0\u00bb#F8FAFF\u00a0\u00bb admin_label=\u00a0\u00bbSection\u00a0\u00bb _builder_version=\u00a0\u00bb4.27.4&Prime; _module_preset=\u00a0\u00bbdefault\u00a0\u00bb background_enable_color=\u00a0\u00bboff\u00a0\u00bb use_background_color_gradient=\u00a0\u00bbon\u00a0\u00bb background_color_gradient_stops=\u00a0\u00bbrgba(0,199,139,0.97) 0%|rgba(21,80,47,0.92) 100%\u00a0\u00bb background_color_gradient_overlays_image=\u00a0\u00bbon\u00a0\u00bb background_image=\u00a0\u00bbhttps:\/\/demo.divi-pixel.com\/corporate\/wp-content\/uploads\/sites\/28\/2022\/09\/img-01.jpg\u00a0\u00bb custom_padding=\u00a0\u00bb120px||90px||false|false\u00a0\u00bb custom_padding_tablet=\u00a0\u00bb0px||50px||false|false\u00a0\u00bb custom_padding_phone=\u00a0\u00bb0px||50px||false|false\u00a0\u00bb bottom_divider_style=\u00a0\u00bbmountains2&Prime; bottom_divider_height=\u00a0\u00bb70px\u00a0\u00bb locked=\u00a0\u00bboff\u00a0\u00bb global_colors_info=\u00a0\u00bb{}\u00a0\u00bb][et_pb_row _builder_version=\u00a0\u00bb4.17.3&Prime; _module_preset=\u00a0\u00bbdefault\u00a0\u00bb global_colors_info=\u00a0\u00bb{}\u00a0\u00bb][et_pb_column type=\u00a0\u00bb4_4&Prime; _builder_version=\u00a0\u00bb4.17.3&Prime; _module_preset=\u00a0\u00bbdefault\u00a0\u00bb global_colors_info=\u00a0\u00bb{}\u00a0\u00bb][et_pb_text _builder_version=\u00a0\u00bb4.27.4&Prime; _module_preset=\u00a0\u00bbdefault\u00a0\u00bb header_font=\u00a0\u00bb|600|||||||\u00a0\u00bb header_text_align=\u00a0\u00bbcenter\u00a0\u00bb header_text_color=\u00a0\u00bb#FFFFFF\u00a0\u00bb header_font_size=\u00a0\u00bb45px\u00a0\u00bb header_line_height=\u00a0\u00bb1.2em\u00a0\u00bb custom_margin=\u00a0\u00bb||2px||false|false\u00a0\u00bb header_font_size_tablet=\u00a0\u00bb35px\u00a0\u00bb header_font_size_phone=\u00a0\u00bb25px\u00a0\u00bb header_font_size_last_edited=\u00a0\u00bbon|desktop\u00a0\u00bb locked=\u00a0\u00bboff\u00a0\u00bb global_colors_info=\u00a0\u00bb{}\u00a0\u00bb]<\/p>\n<h1>Notre \u00e9quipe<\/h1>\n<p>[\/et_pb_text][dipi_breadcrumbs bc_items_alignment=\u00a0\u00bbdipi-bc-center\u00a0\u00bb bc_separator_color=\u00a0\u00bb#D8F3DD\u00a0\u00bb _builder_version=\u00a0\u00bb4.27.4&Prime; _module_preset=\u00a0\u00bbdefault\u00a0\u00bb items_font=\u00a0\u00bb||||||||\u00a0\u00bb items_text_color=\u00a0\u00bb#FFFFFF\u00a0\u00bb hover_text_color=\u00a0\u00bb#FFFFFF\u00a0\u00bb active_font=\u00a0\u00bb||||||||\u00a0\u00bb active_text_color=\u00a0\u00bb#D8F3DD\u00a0\u00bb background_color=\u00a0\u00bbRGBA(255,255,255,0)\u00a0\u00bb width=\u00a0\u00bb250px\u00a0\u00bb width_tablet=\u00a0\u00bb100%\u00a0\u00bb width_phone=\u00a0\u00bb100%\u00a0\u00bb width_last_edited=\u00a0\u00bbon|tablet\u00a0\u00bb module_alignment=\u00a0\u00bbcenter\u00a0\u00bb custom_padding=\u00a0\u00bb10px||10px||true|false\u00a0\u00bb module_alignment_tablet=\u00a0\u00bbcenter\u00a0\u00bb module_alignment_phone=\u00a0\u00bbcenter\u00a0\u00bb module_alignment_last_edited=\u00a0\u00bboff|desktop\u00a0\u00bb global_colors_info=\u00a0\u00bb{}\u00a0\u00bb][\/dipi_breadcrumbs][\/et_pb_column][\/et_pb_row][\/et_pb_section][et_pb_section fb_built=\u00a0\u00bb1&Prime; _builder_version=\u00a0\u00bb4.17.3&Prime; _module_preset=\u00a0\u00bbdefault\u00a0\u00bb background_color=\u00a0\u00bb#F8FAFF\u00a0\u00bb locked=\u00a0\u00bboff\u00a0\u00bb global_colors_info=\u00a0\u00bb{}\u00a0\u00bb][et_pb_row _builder_version=\u00a0\u00bb4.27.4&Prime; _module_preset=\u00a0\u00bbdefault\u00a0\u00bb custom_padding=\u00a0\u00bb||0px||false|false\u00a0\u00bb global_colors_info=\u00a0\u00bb{}\u00a0\u00bb][et_pb_column type=\u00a0\u00bb4_4&Prime; _builder_version=\u00a0\u00bb4.17.3&Prime; _module_preset=\u00a0\u00bbdefault\u00a0\u00bb global_colors_info=\u00a0\u00bb{}\u00a0\u00bb][et_pb_text _builder_version=\u00a0\u00bb4.27.4&Prime; _module_preset=\u00a0\u00bbdefault\u00a0\u00bb header_2_font=\u00a0\u00bb|600|||||||\u00a0\u00bb header_2_text_align=\u00a0\u00bbcenter\u00a0\u00bb header_2_font_size=\u00a0\u00bb45px\u00a0\u00bb header_2_line_height=\u00a0\u00bb1.2em\u00a0\u00bb header_2_font_size_tablet=\u00a0\u00bb45px\u00a0\u00bb header_2_font_size_phone=\u00a0\u00bb35px\u00a0\u00bb header_2_font_size_last_edited=\u00a0\u00bbon|phone\u00a0\u00bb locked=\u00a0\u00bboff\u00a0\u00bb global_colors_info=\u00a0\u00bb{}\u00a0\u00bb]<\/p>\n<h2>Rencontrez notre \u00e9quipe<br \/>\n<\/h2>\n<p>[\/et_pb_text][\/et_pb_column][\/et_pb_row][et_pb_row column_structure=\u00a0\u00bb1_4,3_4&Prime; use_custom_gutter=\u00a0\u00bbon\u00a0\u00bb gutter_width=\u00a0\u00bb2&Prime; make_equal=\u00a0\u00bbon\u00a0\u00bb _builder_version=\u00a0\u00bb4.27.4&Prime; _module_preset=\u00a0\u00bbdefault\u00a0\u00bb custom_padding=\u00a0\u00bb18px|||||\u00a0\u00bb global_colors_info=\u00a0\u00bb{}\u00a0\u00bb][et_pb_column type=\u00a0\u00bb1_4&Prime; _builder_version=\u00a0\u00bb4.27.4&Prime; _module_preset=\u00a0\u00bbdefault\u00a0\u00bb global_colors_info=\u00a0\u00bb{}\u00a0\u00bb][et_pb_de_mach_filter_posts filter_update_type=\u00a0\u00bbupdate_field\u00a0\u00bb update_count_by_self=\u00a0\u00bboff\u00a0\u00bb mobile_toggle=\u00a0\u00bbon\u00a0\u00bb hide_reset=\u00a0\u00bbon\u00a0\u00bb filter_item_bg_color=\u00a0\u00bbRGBA(255,255,255,0)\u00a0\u00bb _builder_version=\u00a0\u00bb4.27.4&Prime; _module_preset=\u00a0\u00bbdefault\u00a0\u00bb form_field_background_color=\u00a0\u00bbRGBA(255,255,255,0)\u00a0\u00bb form_field_focus_background_color=\u00a0\u00bbRGBA(255,255,255,0)\u00a0\u00bb form_field_text_align=\u00a0\u00bbleft\u00a0\u00bb background_color=\u00a0\u00bbRGBA(255,255,255,0)\u00a0\u00bb button_alignment=\u00a0\u00bbcenter\u00a0\u00bb text_orientation=\u00a0\u00bbcenter\u00a0\u00bb global_colors_info=\u00a0\u00bb{}\u00a0\u00bb][et_pb_de_mach_search_posts_item title=\u00a0\u00bbCategory Filter\u00a0\u00bb post_type_choose=\u00a0\u00bbteam\u00a0\u00bb acf_filter_type=\u00a0\u00bbradio\u00a0\u00bb taxonomy_order=\u00a0\u00bbmenu_order\u00a0\u00bb show_label=\u00a0\u00bboff\u00a0\u00bb radio_show_empty=\u00a0\u00bbon\u00a0\u00bb hide_module_for_empty=\u00a0\u00bboff\u00a0\u00bb field_id=\u00a0\u00bbField_1&Prime; radio_style=\u00a0\u00bbbuttons\u00a0\u00bb radio_all_text=\u00a0\u00bbTous\u00a0\u00bb _builder_version=\u00a0\u00bb4.27.4&Prime; _module_preset=\u00a0\u00bbdefault\u00a0\u00bb form_field_text_align=\u00a0\u00bbcenter\u00a0\u00bb custom_button=\u00a0\u00bbon\u00a0\u00bb button_text_color=\u00a0\u00bb#FFFFFF\u00a0\u00bb button_bg_color=\u00a0\u00bb#15502F\u00a0\u00bb button_border_color=\u00a0\u00bb#15502F\u00a0\u00bb button_use_icon=\u00a0\u00bboff\u00a0\u00bb button_custom_padding=\u00a0\u00bb15px||15px||true|false\u00a0\u00bb custom_active_button=\u00a0\u00bbon\u00a0\u00bb active_button_bg_color=\u00a0\u00bb#00C78B\u00a0\u00bb active_button_border_color=\u00a0\u00bb#00C78B\u00a0\u00bb active_button_use_icon=\u00a0\u00bboff\u00a0\u00bb active_button_custom_padding=\u00a0\u00bb5px||5px||true|false\u00a0\u00bb global_colors_info=\u00a0\u00bb{}\u00a0\u00bb][\/et_pb_de_mach_search_posts_item][\/et_pb_de_mach_filter_posts][\/et_pb_column][et_pb_column type=\u00a0\u00bb3_4&Prime; _builder_version=\u00a0\u00bb4.27.4&Prime; _module_preset=\u00a0\u00bbdefault\u00a0\u00bb global_colors_info=\u00a0\u00bb{}\u00a0\u00bb][et_pb_de_mach_archive_loop post_type_choose=\u00a0\u00bbteam\u00a0\u00bb loop_layout=\u00a0\u00bb987513387&Prime; posts_number=\u00a0\u00bb12&Prime; order_asc_desc=\u00a0\u00bbDESC\u00a0\u00bb sec_sort_order=\u00a0\u00bbdate\u00a0\u00bb sec_order_asc_desc=\u00a0\u00bbDESC\u00a0\u00bb enable_loadmore=\u00a0\u00bbon\u00a0\u00bb loadmore_text=\u00a0\u00bbCharger plus\u00a0\u00bb loadmore_text_loading=\u00a0\u00bbChargement&#8230;\u00a0\u00bb show_in_section=\u00a0\u00bboff\u00a0\u00bb equal_height=\u00a0\u00bbon\u00a0\u00bb align_last_bottom=\u00a0\u00bboff\u00a0\u00bb columns=\u00a0\u00bb3&Prime; columns_tablet=\u00a0\u00bb3&Prime; _builder_version=\u00a0\u00bb4.27.4&Prime; _module_preset=\u00a0\u00bbdefault\u00a0\u00bb custom_button=\u00a0\u00bbon\u00a0\u00bb button_text_size=\u00a0\u00bb18px\u00a0\u00bb button_use_icon=\u00a0\u00bboff\u00a0\u00bb global_colors_info=\u00a0\u00bb{}\u00a0\u00bb][\/et_pb_de_mach_archive_loop][\/et_pb_column][\/et_pb_row][\/et_pb_section][et_pb_section fb_built=\u00a0\u00bb1&Prime; _builder_version=\u00a0\u00bb4.27.4&Prime; _module_preset=\u00a0\u00bbdefault\u00a0\u00bb background_image=\u00a0\u00bbhttps:\/\/stucki.ch\/wp-content\/uploads\/2025\/02\/Team1-scaled-3-scaled.jpg\u00a0\u00bb parallax=\u00a0\u00bbon\u00a0\u00bb parallax_method=\u00a0\u00bboff\u00a0\u00bb global_colors_info=\u00a0\u00bb{}\u00a0\u00bb][et_pb_row _builder_version=\u00a0\u00bb4.27.4&Prime; _module_preset=\u00a0\u00bbdefault\u00a0\u00bb global_colors_info=\u00a0\u00bb{}\u00a0\u00bb][et_pb_column type=\u00a0\u00bb4_4&Prime; _builder_version=\u00a0\u00bb4.27.4&Prime; _module_preset=\u00a0\u00bbdefault\u00a0\u00bb global_colors_info=\u00a0\u00bb{}\u00a0\u00bb][et_pb_divider show_divider=\u00a0\u00bboff\u00a0\u00bb _builder_version=\u00a0\u00bb4.27.4&Prime; _module_preset=\u00a0\u00bbdefault\u00a0\u00bb custom_padding=\u00a0\u00bb210px||210px||true|false\u00a0\u00bb custom_padding_tablet=\u00a0\u00bb120px||120px||true|false\u00a0\u00bb custom_padding_phone=\u00a0\u00bb80px||80px||true|false\u00a0\u00bb custom_padding_last_edited=\u00a0\u00bbon|phone\u00a0\u00bb global_colors_info=\u00a0\u00bb{}\u00a0\u00bb][\/et_pb_divider][\/et_pb_column][\/et_pb_row][\/et_pb_section][et_pb_section fb_built=\u00a0\u00bb1&Prime; _builder_version=\u00a0\u00bb4.27.4&Prime; _module_preset=\u00a0\u00bbdefault\u00a0\u00bb background_color=\u00a0\u00bb#15502F\u00a0\u00bb locked=\u00a0\u00bboff\u00a0\u00bb global_colors_info=\u00a0\u00bb{}\u00a0\u00bb][et_pb_row column_structure=\u00a0\u00bb1_2,1_2&Prime; make_equal=\u00a0\u00bbon\u00a0\u00bb _builder_version=\u00a0\u00bb4.27.4&Prime; _module_preset=\u00a0\u00bbdefault\u00a0\u00bb global_colors_info=\u00a0\u00bb{}\u00a0\u00bb][et_pb_column type=\u00a0\u00bb1_2&Prime; _builder_version=\u00a0\u00bb4.27.4&Prime; _module_preset=\u00a0\u00bbdefault\u00a0\u00bb global_colors_info=\u00a0\u00bb{}\u00a0\u00bb][et_pb_image src=\u00a0\u00bbhttps:\/\/stucki.ch\/wp-content\/uploads\/2025\/06\/7-Elements-of-Stucki-Culture_FR.png\u00a0\u00bb alt=\u00a0\u00bbPortrait de l\u2019\u00e9quipe leadership Stucki Suisse\u00a0\u00bb title_text=\u00a0\u00bb7 Elements of Stucki Culture_FR\u00a0\u00bb _builder_version=\u00a0\u00bb4.27.4&Prime; _module_preset=\u00a0\u00bbdefault\u00a0\u00bb global_colors_info=\u00a0\u00bb{}\u00a0\u00bb][\/et_pb_image][\/et_pb_column][et_pb_column type=\u00a0\u00bb1_2&Prime; _builder_version=\u00a0\u00bb4.27.4&Prime; _module_preset=\u00a0\u00bbdefault\u00a0\u00bb custom_css_main_element=\u00a0\u00bbmargin: auto;\u00a0\u00bb global_colors_info=\u00a0\u00bb{}\u00a0\u00bb][et_pb_text _builder_version=\u00a0\u00bb4.27.4&Prime; _module_preset=\u00a0\u00bbdefault\u00a0\u00bb header_2_font=\u00a0\u00bb|600|||||||\u00a0\u00bb header_2_font_size=\u00a0\u00bb35px\u00a0\u00bb header_2_line_height=\u00a0\u00bb1.2em\u00a0\u00bb custom_margin=\u00a0\u00bb||0px||false|false\u00a0\u00bb header_2_font_size_tablet=\u00a0\u00bb30px\u00a0\u00bb header_2_font_size_phone=\u00a0\u00bb25px\u00a0\u00bb header_2_font_size_last_edited=\u00a0\u00bbon|desktop\u00a0\u00bb locked=\u00a0\u00bboff\u00a0\u00bb global_colors_info=\u00a0\u00bb{}\u00a0\u00bb]<\/p>\n<h2><span style=\"color: #ffffff;\">Chez nous, la culture passe avant la strat\u00e9gie<\/span><\/h2>\n<p>[\/et_pb_text][et_pb_text _builder_version=\u00a0\u00bb4.27.4&Prime; _module_preset=\u00a0\u00bbdefault\u00a0\u00bb global_colors_info=\u00a0\u00bb{}\u00a0\u00bb]<\/p>\n<p class=\"p1\"><span style=\"color: #ffffff;\">Peter Drucker a un jour affirm\u00e9 : \u00ab La culture d\u00e9vore la strat\u00e9gie au petit-d\u00e9jeuner. \u00bb Chez Stucki, cette id\u00e9e est bien plus qu\u2019une citation \u2013 c\u2019est un principe fondamental. Depuis notre cr\u00e9ation, nous accordons une grande importance \u00e0 une culture d\u2019entreprise forte et authentique, qui refl\u00e8te qui nous sommes et notre mani\u00e8re de travailler.<\/span><\/p>\n<p class=\"p1\"><span style=\"color: #ffffff;\">Nos valeurs ne sont pas de simples mots affich\u00e9s sur les murs. Elles font partie int\u00e9grante de notre quotidien. Elles influencent nos d\u00e9cisions, notre collaboration et la mani\u00e8re dont nous obtenons des r\u00e9sultats durables pour nos client-es. Elles fa\u00e7onnent la culture unique de Stucki.<\/span><\/p>\n<p class=\"p3\"><span style=\"color: #ffffff;\">Les sept \u00e9l\u00e9ments suivants d\u00e9finissent si fondamentalement notre identit\u00e9 d\u2019entreprise que nous les faisons \u00e9voluer en continu et v\u00e9rifions chaque mois dans quelle mesure nous y restons align\u00e9s.<\/span><\/p>\n<p>[\/et_pb_text][\/et_pb_column][\/et_pb_row][\/et_pb_section]<\/p>\n","protected":false},"excerpt":{"rendered":"<p>Notre \u00e9quipe<div class=\"et_pb_module dipi_breadcrumbs dipi_breadcrumbs_0\">\n\t\t\t\t\n\t\t\t\t\n\t\t\t\t\n\t\t\t\t\n\t\t\t\t\n\t\t\t\t\n\t\t\t\t<div class=\"et_pb_module_inner\">\n\t\t\t\t\t<div class=\"dipi-breadcrumbs dipi-bc-center\">\n                <ul >\n                    \n                                                        <li  class=\"dipi-breadcrumb-item dipi-breadcrumb-home\">\n\n                                                    <a  href=\"https:\/\/stucki.ch\/fr\/\">\n                                <span  content=\"Home\">\n                                                                        Stucki                                <\/span>\n                            <\/a>\n\n                                                <meta itemprop=\"position\" content=\"1\"\/>                    <\/li>\n\n                    <li class=\"dipi-breadcrumb-separator\">\n                    <span class=\"et-pb-icon dipi-separator-icon\">$<\/span>\n                <\/li>                            \n                <\/ul>\n            <\/div>\n\t\t\t\t<\/div>\n\t\t\t<\/div>Rencontrez notre \u00e9quipe Chez nous, la culture passe avant la strat\u00e9giePeter Drucker a un jour affirm\u00e9 : \u00ab La culture d\u00e9vore la strat\u00e9gie au petit-d\u00e9jeuner. \u00bb Chez Stucki, cette id\u00e9e est bien plus qu\u2019une [&hellip;]<\/p>\n","protected":false},"author":1,"featured_media":0,"parent":0,"menu_order":0,"comment_status":"closed","ping_status":"closed","template":"","meta":{"_acf_changed":false,"_et_pb_use_builder":"on","_et_pb_old_content":"","_et_gb_content_width":"","footnotes":""},"dipi_cpt_category":[],"class_list":["post-987513116","page","type-page","status-publish","hentry"],"acf":[],"yoast_head":"<!-- This site is optimized with the Yoast SEO plugin v27.4 - https:\/\/yoast.com\/product\/yoast-seo-wordpress\/ -->\n<title>Notre \u00e9quipe - Stucki<\/title>\n<meta name=\"description\" content=\"D\u00e9couvrez l\u2019\u00e9quipe leadership Stucki Suisse : formateurs et experts engag\u00e9s \u00e0 cr\u00e9er un impact durable \u00e0 travers la culture et l\u2019apprentissage.\" \/>\n<meta name=\"robots\" content=\"index, follow, max-snippet:-1, max-image-preview:large, max-video-preview:-1\" \/>\n<link rel=\"canonical\" href=\"https:\/\/stucki.ch\/fr\/notre-equipe\/\" \/>\n<meta property=\"og:locale\" content=\"fr_FR\" \/>\n<meta property=\"og:type\" content=\"article\" \/>\n<meta property=\"og:title\" content=\"Notre \u00e9quipe - Stucki\" \/>\n<meta property=\"og:description\" content=\"D\u00e9couvrez l\u2019\u00e9quipe leadership Stucki Suisse : formateurs et experts engag\u00e9s \u00e0 cr\u00e9er un impact durable \u00e0 travers la culture et l\u2019apprentissage.\" \/>\n<meta property=\"og:site_name\" content=\"Stucki\" \/>\n<meta property=\"article:modified_time\" content=\"2025-10-14T13:16:39+00:00\" \/>\n<meta name=\"twitter:card\" content=\"summary_large_image\" \/>\n<meta name=\"twitter:label1\" content=\"Dur\u00e9e de lecture estim\u00e9e\" \/>\n\t<meta name=\"twitter:data1\" content=\"4 minutes\" \/>\n<script type=\"application\/ld+json\" class=\"yoast-schema-graph\">{\"@context\":\"https:\\\/\\\/schema.org\",\"@graph\":[{\"@type\":\"WebPage\",\"@id\":\"https:\\\/\\\/stucki.ch\\\/fr\\\/notre-equipe\\\/\",\"url\":\"https:\\\/\\\/stucki.ch\\\/fr\\\/notre-equipe\\\/\",\"name\":\"Notre \u00e9quipe - Stucki\",\"isPartOf\":{\"@id\":\"https:\\\/\\\/stucki.ch\\\/#website\"},\"datePublished\":\"2022-09-09T03:31:46+00:00\",\"dateModified\":\"2025-10-14T13:16:39+00:00\",\"description\":\"D\u00e9couvrez l\u2019\u00e9quipe leadership Stucki Suisse : formateurs et experts engag\u00e9s \u00e0 cr\u00e9er un impact durable \u00e0 travers la culture et l\u2019apprentissage.\",\"breadcrumb\":{\"@id\":\"https:\\\/\\\/stucki.ch\\\/fr\\\/notre-equipe\\\/#breadcrumb\"},\"inLanguage\":\"fr-FR\",\"potentialAction\":[{\"@type\":\"ReadAction\",\"target\":[\"https:\\\/\\\/stucki.ch\\\/fr\\\/notre-equipe\\\/\"]}]},{\"@type\":\"BreadcrumbList\",\"@id\":\"https:\\\/\\\/stucki.ch\\\/fr\\\/notre-equipe\\\/#breadcrumb\",\"itemListElement\":[{\"@type\":\"ListItem\",\"position\":1,\"name\":\"Home\",\"item\":\"https:\\\/\\\/stucki.ch\\\/fr\\\/\"},{\"@type\":\"ListItem\",\"position\":2,\"name\":\"Notre \u00e9quipe\"}]},{\"@type\":\"WebSite\",\"@id\":\"https:\\\/\\\/stucki.ch\\\/#website\",\"url\":\"https:\\\/\\\/stucki.ch\\\/\",\"name\":\"Stucki\",\"description\":\"Leadership &amp; Team Development\",\"publisher\":{\"@id\":\"https:\\\/\\\/stucki.ch\\\/#organization\"},\"potentialAction\":[{\"@type\":\"SearchAction\",\"target\":{\"@type\":\"EntryPoint\",\"urlTemplate\":\"https:\\\/\\\/stucki.ch\\\/?s={search_term_string}\"},\"query-input\":{\"@type\":\"PropertyValueSpecification\",\"valueRequired\":true,\"valueName\":\"search_term_string\"}}],\"inLanguage\":\"fr-FR\"},{\"@type\":\"Organization\",\"@id\":\"https:\\\/\\\/stucki.ch\\\/#organization\",\"name\":\"Stucki\",\"url\":\"https:\\\/\\\/stucki.ch\\\/\",\"logo\":{\"@type\":\"ImageObject\",\"inLanguage\":\"fr-FR\",\"@id\":\"https:\\\/\\\/stucki.ch\\\/#\\\/schema\\\/logo\\\/image\\\/\",\"url\":\"https:\\\/\\\/stucki.ch\\\/wp-content\\\/uploads\\\/2025\\\/03\\\/Gruppe-6.png\",\"contentUrl\":\"https:\\\/\\\/stucki.ch\\\/wp-content\\\/uploads\\\/2025\\\/03\\\/Gruppe-6.png\",\"width\":519,\"height\":121,\"caption\":\"Stucki\"},\"image\":{\"@id\":\"https:\\\/\\\/stucki.ch\\\/#\\\/schema\\\/logo\\\/image\\\/\"},\"sameAs\":[\"https:\\\/\\\/www.linkedin.com\\\/company\\\/stucki-leadership-teambuilding-ag\\\/\",\"https:\\\/\\\/www.instagram.com\\\/stucki_leadership\\\/\"]}]}<\/script>\n<!-- \/ Yoast SEO plugin. -->","yoast_head_json":{"title":"Notre \u00e9quipe - Stucki","description":"D\u00e9couvrez l\u2019\u00e9quipe leadership Stucki Suisse : formateurs et experts engag\u00e9s \u00e0 cr\u00e9er un impact durable \u00e0 travers la culture et l\u2019apprentissage.","robots":{"index":"index","follow":"follow","max-snippet":"max-snippet:-1","max-image-preview":"max-image-preview:large","max-video-preview":"max-video-preview:-1"},"canonical":"https:\/\/stucki.ch\/fr\/notre-equipe\/","og_locale":"fr_FR","og_type":"article","og_title":"Notre \u00e9quipe - Stucki","og_description":"D\u00e9couvrez l\u2019\u00e9quipe leadership Stucki Suisse : formateurs et experts engag\u00e9s \u00e0 cr\u00e9er un impact durable \u00e0 travers la culture et l\u2019apprentissage.","og_site_name":"Stucki","article_modified_time":"2025-10-14T13:16:39+00:00","twitter_card":"summary_large_image","twitter_misc":{"Dur\u00e9e de lecture estim\u00e9e":"4 minutes"},"schema":{"@context":"https:\/\/schema.org","@graph":[{"@type":"WebPage","@id":"https:\/\/stucki.ch\/fr\/notre-equipe\/","url":"https:\/\/stucki.ch\/fr\/notre-equipe\/","name":"Notre \u00e9quipe - Stucki","isPartOf":{"@id":"https:\/\/stucki.ch\/#website"},"datePublished":"2022-09-09T03:31:46+00:00","dateModified":"2025-10-14T13:16:39+00:00","description":"D\u00e9couvrez l\u2019\u00e9quipe leadership Stucki Suisse : formateurs et experts engag\u00e9s \u00e0 cr\u00e9er un impact durable \u00e0 travers la culture et l\u2019apprentissage.","breadcrumb":{"@id":"https:\/\/stucki.ch\/fr\/notre-equipe\/#breadcrumb"},"inLanguage":"fr-FR","potentialAction":[{"@type":"ReadAction","target":["https:\/\/stucki.ch\/fr\/notre-equipe\/"]}]},{"@type":"BreadcrumbList","@id":"https:\/\/stucki.ch\/fr\/notre-equipe\/#breadcrumb","itemListElement":[{"@type":"ListItem","position":1,"name":"Home","item":"https:\/\/stucki.ch\/fr\/"},{"@type":"ListItem","position":2,"name":"Notre \u00e9quipe"}]},{"@type":"WebSite","@id":"https:\/\/stucki.ch\/#website","url":"https:\/\/stucki.ch\/","name":"Stucki","description":"Leadership &amp; Team Development","publisher":{"@id":"https:\/\/stucki.ch\/#organization"},"potentialAction":[{"@type":"SearchAction","target":{"@type":"EntryPoint","urlTemplate":"https:\/\/stucki.ch\/?s={search_term_string}"},"query-input":{"@type":"PropertyValueSpecification","valueRequired":true,"valueName":"search_term_string"}}],"inLanguage":"fr-FR"},{"@type":"Organization","@id":"https:\/\/stucki.ch\/#organization","name":"Stucki","url":"https:\/\/stucki.ch\/","logo":{"@type":"ImageObject","inLanguage":"fr-FR","@id":"https:\/\/stucki.ch\/#\/schema\/logo\/image\/","url":"https:\/\/stucki.ch\/wp-content\/uploads\/2025\/03\/Gruppe-6.png","contentUrl":"https:\/\/stucki.ch\/wp-content\/uploads\/2025\/03\/Gruppe-6.png","width":519,"height":121,"caption":"Stucki"},"image":{"@id":"https:\/\/stucki.ch\/#\/schema\/logo\/image\/"},"sameAs":["https:\/\/www.linkedin.com\/company\/stucki-leadership-teambuilding-ag\/","https:\/\/www.instagram.com\/stucki_leadership\/"]}]}},"_links":{"self":[{"href":"https:\/\/stucki.ch\/fr\/wp-json\/wp\/v2\/pages\/987513116","targetHints":{"allow":["GET"]}}],"collection":[{"href":"https:\/\/stucki.ch\/fr\/wp-json\/wp\/v2\/pages"}],"about":[{"href":"https:\/\/stucki.ch\/fr\/wp-json\/wp\/v2\/types\/page"}],"author":[{"embeddable":true,"href":"https:\/\/stucki.ch\/fr\/wp-json\/wp\/v2\/users\/1"}],"replies":[{"embeddable":true,"href":"https:\/\/stucki.ch\/fr\/wp-json\/wp\/v2\/comments?post=987513116"}],"version-history":[{"count":6,"href":"https:\/\/stucki.ch\/fr\/wp-json\/wp\/v2\/pages\/987513116\/revisions"}],"predecessor-version":[{"id":987515100,"href":"https:\/\/stucki.ch\/fr\/wp-json\/wp\/v2\/pages\/987513116\/revisions\/987515100"}],"wp:attachment":[{"href":"https:\/\/stucki.ch\/fr\/wp-json\/wp\/v2\/media?parent=987513116"}],"wp:term":[{"taxonomy":"dipi_cpt_category","embeddable":true,"href":"https:\/\/stucki.ch\/fr\/wp-json\/wp\/v2\/dipi_cpt_category?post=987513116"}],"curies":[{"name":"wp","href":"https:\/\/api.w.org\/{rel}","templated":true}]}}