{"id":987513123,"date":"2022-09-09T03:31:46","date_gmt":"2022-09-09T03:31:46","guid":{"rendered":"https:\/\/stucki.redconic.com\/testimonials\/"},"modified":"2025-08-22T13:43:43","modified_gmt":"2025-08-22T13:43:43","slug":"temoignages-clients","status":"publish","type":"page","link":"https:\/\/stucki.ch\/fr\/temoignages-clients\/","title":{"rendered":"Testimonials"},"content":{"rendered":"<p>[et_pb_section fb_built=\u00a0\u00bb1&Prime; custom_padding_last_edited=\u00a0\u00bbon|tablet\u00a0\u00bb next_background_color=\u00a0\u00bb#ffffff\u00a0\u00bb admin_label=\u00a0\u00bbSection\u00a0\u00bb _builder_version=\u00a0\u00bb4.27.4&Prime; _module_preset=\u00a0\u00bbdefault\u00a0\u00bb background_enable_color=\u00a0\u00bboff\u00a0\u00bb use_background_color_gradient=\u00a0\u00bbon\u00a0\u00bb background_color_gradient_stops=\u00a0\u00bbrgba(0,199,139,0.97) 0%|rgba(21,80,47,0.92) 100%\u00a0\u00bb background_color_gradient_overlays_image=\u00a0\u00bbon\u00a0\u00bb background_image=\u00a0\u00bbhttps:\/\/stucki.ch\/wp-content\/uploads\/2022\/09\/img-01-1.jpg\u00a0\u00bb custom_padding=\u00a0\u00bb120px||90px||false|false\u00a0\u00bb custom_padding_tablet=\u00a0\u00bb0px||50px||false|false\u00a0\u00bb custom_padding_phone=\u00a0\u00bb0px||50px||false|false\u00a0\u00bb bottom_divider_style=\u00a0\u00bbmountains2&Prime; bottom_divider_height=\u00a0\u00bb70px\u00a0\u00bb locked=\u00a0\u00bboff\u00a0\u00bb global_colors_info=\u00a0\u00bb{}\u00a0\u00bb][et_pb_row _builder_version=\u00a0\u00bb4.27.4&Prime; _module_preset=\u00a0\u00bbdefault\u00a0\u00bb global_colors_info=\u00a0\u00bb{}\u00a0\u00bb][et_pb_column type=\u00a0\u00bb4_4&Prime; _builder_version=\u00a0\u00bb4.17.3&Prime; _module_preset=\u00a0\u00bbdefault\u00a0\u00bb global_colors_info=\u00a0\u00bb{}\u00a0\u00bb][et_pb_text _builder_version=\u00a0\u00bb4.27.4&Prime; _module_preset=\u00a0\u00bb_initial\u00a0\u00bb text_font=\u00a0\u00bb|||on|||||\u00a0\u00bb text_text_color=\u00a0\u00bb#FFFFFF\u00a0\u00bb text_letter_spacing=\u00a0\u00bb2px\u00a0\u00bb text_orientation=\u00a0\u00bbcenter\u00a0\u00bb custom_margin=\u00a0\u00bb||15px||false|false\u00a0\u00bb custom_margin_tablet=\u00a0\u00bb||15px||false|false\u00a0\u00bb custom_margin_phone=\u00a0\u00bb||10px||false|false\u00a0\u00bb custom_margin_last_edited=\u00a0\u00bbon|phone\u00a0\u00bb text_font_size_tablet=\u00a0\u00bb16px\u00a0\u00bb text_font_size_phone=\u00a0\u00bb14px\u00a0\u00bb text_font_size_last_edited=\u00a0\u00bbon|phone\u00a0\u00bb locked=\u00a0\u00bboff\u00a0\u00bb global_colors_info=\u00a0\u00bb{}\u00a0\u00bb]<\/p>\n<p>Retour des client-es<\/p>\n<p>[\/et_pb_text][et_pb_text _builder_version=\u00a0\u00bb4.27.4&Prime; _module_preset=\u00a0\u00bb_initial\u00a0\u00bb header_font=\u00a0\u00bb|600|||||||\u00a0\u00bb header_text_align=\u00a0\u00bbcenter\u00a0\u00bb header_text_color=\u00a0\u00bb#FFFFFF\u00a0\u00bb header_font_size=\u00a0\u00bb65px\u00a0\u00bb header_line_height=\u00a0\u00bb1.2em\u00a0\u00bb custom_margin=\u00a0\u00bb||-1px||false|false\u00a0\u00bb header_font_size_tablet=\u00a0\u00bb65px\u00a0\u00bb header_font_size_phone=\u00a0\u00bb40px\u00a0\u00bb header_font_size_last_edited=\u00a0\u00bbon|phone\u00a0\u00bb locked=\u00a0\u00bboff\u00a0\u00bb global_colors_info=\u00a0\u00bb{}\u00a0\u00bb]<\/p>\n<h1>T\u00e9moignages<\/h1>\n<p>[\/et_pb_text][dipi_breadcrumbs bc_items_alignment=\u00a0\u00bbdipi-bc-center\u00a0\u00bb bc_separator_color=\u00a0\u00bb#D8F3DD\u00a0\u00bb _builder_version=\u00a0\u00bb4.27.4&Prime; _module_preset=\u00a0\u00bbdefault\u00a0\u00bb items_font=\u00a0\u00bb||||||||\u00a0\u00bb items_text_color=\u00a0\u00bb#FFFFFF\u00a0\u00bb hover_text_color=\u00a0\u00bb#FFFFFF\u00a0\u00bb active_font=\u00a0\u00bb||||||||\u00a0\u00bb active_text_color=\u00a0\u00bb#D8F3DD\u00a0\u00bb background_color=\u00a0\u00bbRGBA(255,255,255,0)\u00a0\u00bb width=\u00a0\u00bb250px\u00a0\u00bb width_tablet=\u00a0\u00bb100%\u00a0\u00bb width_phone=\u00a0\u00bb100%\u00a0\u00bb width_last_edited=\u00a0\u00bbon|tablet\u00a0\u00bb module_alignment=\u00a0\u00bbcenter\u00a0\u00bb custom_padding=\u00a0\u00bb10px||10px||true|false\u00a0\u00bb module_alignment_tablet=\u00a0\u00bbcenter\u00a0\u00bb module_alignment_phone=\u00a0\u00bbcenter\u00a0\u00bb module_alignment_last_edited=\u00a0\u00bboff|desktop\u00a0\u00bb locked=\u00a0\u00bboff\u00a0\u00bb global_colors_info=\u00a0\u00bb{}\u00a0\u00bb][\/dipi_breadcrumbs][\/et_pb_column][\/et_pb_row][\/et_pb_section][et_pb_section fb_built=\u00a0\u00bb1&Prime; _builder_version=\u00a0\u00bb4.17.3&Prime; _module_preset=\u00a0\u00bbdefault\u00a0\u00bb locked=\u00a0\u00bboff\u00a0\u00bb global_colors_info=\u00a0\u00bb{}\u00a0\u00bb][et_pb_row column_structure=\u00a0\u00bb1_2,1_2&Prime; make_equal=\u00a0\u00bbon\u00a0\u00bb _builder_version=\u00a0\u00bb4.27.4&Prime; _module_preset=\u00a0\u00bbdefault\u00a0\u00bb locked=\u00a0\u00bboff\u00a0\u00bb global_colors_info=\u00a0\u00bb{}\u00a0\u00bb][et_pb_column type=\u00a0\u00bb1_2&Prime; _builder_version=\u00a0\u00bb4.17.3&Prime; _module_preset=\u00a0\u00bbdefault\u00a0\u00bb global_colors_info=\u00a0\u00bb{}\u00a0\u00bb][et_pb_image src=\u00a0\u00bbhttps:\/\/stucki.ch\/wp-content\/uploads\/2025\/02\/DSC02503-scaled-1-1.jpg\u00a0\u00bb alt=\u00a0\u00bbt\u00e9moignage client stucki Bosch transformation organisationnelle\u00a0\u00bb title_text=\u00a0\u00bbDSC02503-scaled (1)\u00a0\u00bb align=\u00a0\u00bbcenter\u00a0\u00bb _builder_version=\u00a0\u00bb4.27.4&Prime; _module_preset=\u00a0\u00bbdefault\u00a0\u00bb global_colors_info=\u00a0\u00bb{}\u00a0\u00bb][\/et_pb_image][\/et_pb_column][et_pb_column type=\u00a0\u00bb1_2&Prime; _builder_version=\u00a0\u00bb4.27.4&Prime; _module_preset=\u00a0\u00bbdefault\u00a0\u00bb custom_css_main_element=\u00a0\u00bbmargin: auto;\u00a0\u00bb global_colors_info=\u00a0\u00bb{}\u00a0\u00bb][et_pb_text _builder_version=\u00a0\u00bb4.27.4&Prime; _module_preset=\u00a0\u00bb_initial\u00a0\u00bb header_2_font=\u00a0\u00bb|600|||||||\u00a0\u00bb header_2_font_size=\u00a0\u00bb45px\u00a0\u00bb header_2_line_height=\u00a0\u00bb1.2em\u00a0\u00bb custom_margin=\u00a0\u00bb||10px||false|false\u00a0\u00bb header_2_font_size_tablet=\u00a0\u00bb45px\u00a0\u00bb header_2_font_size_phone=\u00a0\u00bb30px\u00a0\u00bb header_2_font_size_last_edited=\u00a0\u00bbon|phone\u00a0\u00bb global_colors_info=\u00a0\u00bb{}\u00a0\u00bb]<\/p>\n<h2>Exemples de notre travail<\/h2>\n<p>[\/et_pb_text][et_pb_text _builder_version=\u00a0\u00bb4.27.4&Prime; _module_preset=\u00a0\u00bb_initial\u00a0\u00bb global_colors_info=\u00a0\u00bb{}\u00a0\u00bb]<\/p>\n<p>Nous sommes honor\u00e9-es et ravi-es que nos client-es appr\u00e9cient tant travailler avec nous qu\u2019ils et elles reviennent r\u00e9guli\u00e8rement.<\/p>\n<p>Ces retours sont pr\u00e9cieux, car ils nous permettent de savoir si nous r\u00e9pondons efficacement \u00e0 leurs besoins. En retour, cela nous encourage \u00e0 poursuivre nos efforts. Ils renforcent aussi notre engagement \u00e0 offrir une valeur exceptionnelle.<\/p>\n<p>[\/et_pb_text][\/et_pb_column][\/et_pb_row][\/et_pb_section][et_pb_section fb_built=\u00a0\u00bb1&Prime; prev_background_color=\u00a0\u00bb#ffffff\u00a0\u00bb _builder_version=\u00a0\u00bb4.27.4&Prime; _module_preset=\u00a0\u00bbdefault\u00a0\u00bb background_color=\u00a0\u00bb#00c78b\u00a0\u00bb custom_padding=\u00a0\u00bb132px||102px||false|false\u00a0\u00bb top_divider_style=\u00a0\u00bbmountains2&Prime; bottom_divider_height=\u00a0\u00bb50px\u00a0\u00bb locked=\u00a0\u00bboff\u00a0\u00bb global_colors_info=\u00a0\u00bb{}\u00a0\u00bb][et_pb_row _builder_version=\u00a0\u00bb4.17.3&Prime; _module_preset=\u00a0\u00bbdefault\u00a0\u00bb custom_padding=\u00a0\u00bb||8px|||\u00a0\u00bb global_colors_info=\u00a0\u00bb{}\u00a0\u00bb][et_pb_column type=\u00a0\u00bb4_4&Prime; _builder_version=\u00a0\u00bb4.17.3&Prime; _module_preset=\u00a0\u00bbdefault\u00a0\u00bb global_colors_info=\u00a0\u00bb{}\u00a0\u00bb][et_pb_text _builder_version=\u00a0\u00bb4.27.4&Prime; _module_preset=\u00a0\u00bb_initial\u00a0\u00bb header_2_font=\u00a0\u00bb|600|||||||\u00a0\u00bb header_2_text_align=\u00a0\u00bbcenter\u00a0\u00bb header_2_text_color=\u00a0\u00bb#FFFFFF\u00a0\u00bb header_2_font_size=\u00a0\u00bb55px\u00a0\u00bb header_2_line_height=\u00a0\u00bb1.2em\u00a0\u00bb custom_margin=\u00a0\u00bb||10px||false|false\u00a0\u00bb header_2_font_size_tablet=\u00a0\u00bb45px\u00a0\u00bb header_2_font_size_phone=\u00a0\u00bb30px\u00a0\u00bb header_2_font_size_last_edited=\u00a0\u00bbon|tablet\u00a0\u00bb locked=\u00a0\u00bboff\u00a0\u00bb global_colors_info=\u00a0\u00bb{}\u00a0\u00bb]<\/p>\n<h2>La voix de nos client-es<\/h2>\n<p>[\/et_pb_text][et_pb_text _builder_version=\u00a0\u00bb4.27.4&Prime; _module_preset=\u00a0\u00bb_initial\u00a0\u00bb text_text_color=\u00a0\u00bb#FFFFFF\u00a0\u00bb text_font_size=\u00a0\u00bb18px\u00a0\u00bb text_orientation=\u00a0\u00bbcenter\u00a0\u00bb global_colors_info=\u00a0\u00bb{}\u00a0\u00bb]<\/p>\n<p>Nos client-es nous font r\u00e9guli\u00e8rement confiance, ce qui t\u00e9moigne de la qualit\u00e9 de notre accompagnement. Leurs retours nous permettent d\u2019\u00e9valuer notre pertinence et d\u2019ajuster nos actions pour mieux r\u00e9pondre \u00e0 leurs attentes.<\/p>\n<p>Les commentaires positifs re\u00e7us nous motivent \u00e0 continuer \u00e0 offrir un service \u00e0 haute valeur ajout\u00e9e. Ils nourrissent \u00e9galement notre volont\u00e9 constante d\u2019am\u00e9lioration.<\/p>\n<p>[\/et_pb_text][\/et_pb_column][\/et_pb_row][\/et_pb_section][et_pb_section fb_built=\u00a0\u00bb1&Prime; _builder_version=\u00a0\u00bb4.27.4&Prime; _module_preset=\u00a0\u00bbdefault\u00a0\u00bb custom_padding=\u00a0\u00bb||30px|||\u00a0\u00bb locked=\u00a0\u00bboff\u00a0\u00bb global_colors_info=\u00a0\u00bb{}\u00a0\u00bb][et_pb_row custom_padding_last_edited=\u00a0\u00bbon|phone\u00a0\u00bb _builder_version=\u00a0\u00bb4.27.4&Prime; _module_preset=\u00a0\u00bbdefault\u00a0\u00bb background_image=\u00a0\u00bbhttps:\/\/stucki.ch\/wp-content\/uploads\/2025\/02\/Screenshot-2025-02-25-003228.jpg\u00a0\u00bb custom_margin=\u00a0\u00bb-150px||30px||false|false\u00a0\u00bb custom_margin_tablet=\u00a0\u00bb-120px||30px||false|false\u00a0\u00bb custom_margin_phone=\u00a0\u00bb-120px||30px||false|false\u00a0\u00bb custom_margin_last_edited=\u00a0\u00bbon|tablet\u00a0\u00bb custom_padding=\u00a0\u00bb220px||220px||true|false\u00a0\u00bb custom_padding_tablet=\u00a0\u00bb120px||120px||true|false\u00a0\u00bb custom_padding_phone=\u00a0\u00bb80px||80px||true|false\u00a0\u00bb scroll_scaling_enable=\u00a0\u00bbon\u00a0\u00bb scroll_scaling=\u00a0\u00bb0|50|50|100|80%|100|100&Prime; border_width_all=\u00a0\u00bb10px\u00a0\u00bb border_color_all=\u00a0\u00bb#F8FAFF\u00a0\u00bb global_colors_info=\u00a0\u00bb{}\u00a0\u00bb][et_pb_column type=\u00a0\u00bb4_4&Prime; _builder_version=\u00a0\u00bb4.27.4&Prime; _module_preset=\u00a0\u00bbdefault\u00a0\u00bb global_colors_info=\u00a0\u00bb{}\u00a0\u00bb][et_pb_icon font_icon=\u00a0\u00bb&#xf04b;||fa||900&Prime; icon_color=\u00a0\u00bb#FFFFFF\u00a0\u00bb icon_width=\u00a0\u00bb30px\u00a0\u00bb module_id=\u00a0\u00bbdipi_popup_id_987513881&Prime; _builder_version=\u00a0\u00bb4.27.4&Prime; _module_preset=\u00a0\u00bbdefault\u00a0\u00bb background_color=\u00a0\u00bb#00c78b\u00a0\u00bb custom_padding=\u00a0\u00bb30px|30px|30px|34px|true|false\u00a0\u00bb custom_padding_tablet=\u00a0\u00bb15px|20px|15px|20px|true|true\u00a0\u00bb custom_padding_phone=\u00a0\u00bb15px|20px|15px|20px|true|true\u00a0\u00bb custom_padding_last_edited=\u00a0\u00bbon|tablet\u00a0\u00bb border_width_all=\u00a0\u00bb10px\u00a0\u00bb border_color_all=\u00a0\u00bb#d6dfff\u00a0\u00bb global_colors_info=\u00a0\u00bb{}\u00a0\u00bb][\/et_pb_icon][\/et_pb_column][\/et_pb_row][\/et_pb_section][et_pb_section fb_built=\u00a0\u00bb1&Prime; module_id=\u00a0\u00bbcasestories\u00a0\u00bb _builder_version=\u00a0\u00bb4.27.4&Prime; _module_preset=\u00a0\u00bbdefault\u00a0\u00bb background_color=\u00a0\u00bb#D8F3DD\u00a0\u00bb global_colors_info=\u00a0\u00bb{}\u00a0\u00bb][et_pb_row _builder_version=\u00a0\u00bb4.27.4&Prime; _module_preset=\u00a0\u00bbdefault\u00a0\u00bb global_colors_info=\u00a0\u00bb{}\u00a0\u00bb][et_pb_column type=\u00a0\u00bb4_4&Prime; _builder_version=\u00a0\u00bb4.27.4&Prime; _module_preset=\u00a0\u00bbdefault\u00a0\u00bb global_colors_info=\u00a0\u00bb{}\u00a0\u00bb][et_pb_text _builder_version=\u00a0\u00bb4.27.4&Prime; _module_preset=\u00a0\u00bb_initial\u00a0\u00bb header_2_font=\u00a0\u00bb|600|||||||\u00a0\u00bb header_2_text_align=\u00a0\u00bbcenter\u00a0\u00bb header_2_font_size=\u00a0\u00bb45px\u00a0\u00bb header_2_line_height=\u00a0\u00bb1.2em\u00a0\u00bb custom_margin=\u00a0\u00bb||10px||false|false\u00a0\u00bb header_2_font_size_tablet=\u00a0\u00bb45px\u00a0\u00bb header_2_font_size_phone=\u00a0\u00bb30px\u00a0\u00bb header_2_font_size_last_edited=\u00a0\u00bbon|phone\u00a0\u00bb locked=\u00a0\u00bboff\u00a0\u00bb global_colors_info=\u00a0\u00bb{}\u00a0\u00bb]<\/p>\n<h2>T\u00e9moignages<\/h2>\n<p>[\/et_pb_text][et_pb_de_mach_archive_loop post_type_choose=\u00a0\u00bbcase-stories\u00a0\u00bb loop_layout=\u00a0\u00bb987513379&Prime; animation_color=\u00a0\u00bb#00C78B\u00a0\u00bb posts_number=\u00a0\u00bb9&Prime; order_asc_desc=\u00a0\u00bbDESC\u00a0\u00bb enable_loadmore=\u00a0\u00bbpagination\u00a0\u00bb equal_height=\u00a0\u00bbon\u00a0\u00bb align_last_bottom=\u00a0\u00bbon\u00a0\u00bb columns=\u00a0\u00bb3&Prime; excerpt_length=\u00a0\u00bb150&Prime; pagination_item_background=\u00a0\u00bb#15502F\u00a0\u00bb pagination_item_background_active=\u00a0\u00bb#00C78B\u00a0\u00bb _builder_version=\u00a0\u00bb4.27.4&Prime; _module_preset=\u00a0\u00bbdefault\u00a0\u00bb pagination_font_text_color=\u00a0\u00bb#FFFFFF\u00a0\u00bb pagination_font_font_size=\u00a0\u00bb16px\u00a0\u00bb active_pagination_text_color=\u00a0\u00bb#FFFFFF\u00a0\u00bb active_pagination_font_size=\u00a0\u00bb16px\u00a0\u00bb hover_enabled=\u00a0\u00bb0&Prime; locked=\u00a0\u00bboff\u00a0\u00bb global_colors_info=\u00a0\u00bb{}\u00a0\u00bb sticky_enabled=\u00a0\u00bb0&Prime;][\/et_pb_de_mach_archive_loop][\/et_pb_column][\/et_pb_row][\/et_pb_section][et_pb_section fb_built=\u00a0\u00bb1&Prime; _builder_version=\u00a0\u00bb4.17.3&Prime; _module_preset=\u00a0\u00bbdefault\u00a0\u00bb global_colors_info=\u00a0\u00bb{}\u00a0\u00bb][et_pb_row _builder_version=\u00a0\u00bb4.17.3&Prime; _module_preset=\u00a0\u00bbdefault\u00a0\u00bb global_colors_info=\u00a0\u00bb{}\u00a0\u00bb][et_pb_column type=\u00a0\u00bb4_4&Prime; _builder_version=\u00a0\u00bb4.17.3&Prime; _module_preset=\u00a0\u00bbdefault\u00a0\u00bb global_colors_info=\u00a0\u00bb{}\u00a0\u00bb][dipi_testimonial total_testimonial=\u00a0\u00bb50&Prime; use_hide_img=\u00a0\u00bbon\u00a0\u00bb use_hide_rating=\u00a0\u00bbon\u00a0\u00bb review_length=\u00a0\u00bb40&Prime; readmore_text=\u00a0\u00bbEn savoir plus\u00a0\u00bb orderby=\u00a0\u00bbdate_asc\u00a0\u00bb testimonial_categories=\u00a0\u00bb76&Prime; use_show_popup_rating=\u00a0\u00bboff\u00a0\u00bb rating_color=\u00a0\u00bb#00c78b\u00a0\u00bb empty_rating_color=\u00a0\u00bb#d6d6d6&Prime; columns=\u00a0\u00bb3&Prime; container_padding=\u00a0\u00bb0px|0px|0px|0px|true|true\u00a0\u00bb navigation=\u00a0\u00bbon\u00a0\u00bb navigation_on_hover=\u00a0\u00bbon\u00a0\u00bb use_navi_prev_icon=\u00a0\u00bbon\u00a0\u00bb navi_prev_icon=\u00a0\u00bb&#x38;||divi||400&Prime; use_navi_next_icon=\u00a0\u00bbon\u00a0\u00bb navi_next_icon=\u00a0\u00bb&#x39;||divi||400&Prime; navi_size=\u00a0\u00bb30&Prime; navi_padding=\u00a0\u00bb25&Prime; navi_color=\u00a0\u00bb#FFFFFF\u00a0\u00bb navi_bg_color=\u00a0\u00bb#00c78b\u00a0\u00bb img_width=\u00a0\u00bb50%\u00a0\u00bb item_padding=\u00a0\u00bb40px|30px|40px|30px|true|true\u00a0\u00bb item_bg_color=\u00a0\u00bb#FAFAFA\u00a0\u00bb columns_tablet=\u00a0\u00bb2&Prime; columns_phone=\u00a0\u00bb1&Prime; columns_last_edited=\u00a0\u00bbon|tablet\u00a0\u00bb space_between_tablet=\u00a0\u00bb20&Prime; space_between_phone=\u00a0\u00bb20&Prime; space_between_last_edited=\u00a0\u00bbon|tablet\u00a0\u00bb navi_size_tablet=\u00a0\u00bb30&Prime; navi_size_phone=\u00a0\u00bb20&Prime; navi_size_last_edited=\u00a0\u00bbon|phone\u00a0\u00bb navi_padding_tablet=\u00a0\u00bb25&Prime; navi_padding_phone=\u00a0\u00bb10&Prime; navi_padding_last_edited=\u00a0\u00bbon|phone\u00a0\u00bb navi_position_left_tablet=\u00a0\u00bb\u00a0\u00bb navi_position_left_phone=\u00a0\u00bb-30&Prime; navi_position_left_last_edited=\u00a0\u00bbon|phone\u00a0\u00bb navi_position_right_tablet=\u00a0\u00bb\u00a0\u00bb navi_position_right_phone=\u00a0\u00bb-30&Prime; navi_position_right_last_edited=\u00a0\u00bbon|phone\u00a0\u00bb _builder_version=\u00a0\u00bb4.27.4&Prime; _module_preset=\u00a0\u00bbdefault\u00a0\u00bb header_3_font_size=\u00a0\u00bb19px\u00a0\u00bb header_3_line_height=\u00a0\u00bb1.4em\u00a0\u00bb header_4_text_color=\u00a0\u00bb#333333&Prime; testimonial_name_font=\u00a0\u00bb|700|||||||\u00a0\u00bb testimonial_name_text_color=\u00a0\u00bb#333333&Prime; testimonial_name_font_size=\u00a0\u00bb20px\u00a0\u00bb testimonial_name_line_height=\u00a0\u00bb1em\u00a0\u00bb testimonial_text_font_size=\u00a0\u00bb16px\u00a0\u00bb testimonial_text_line_height=\u00a0\u00bb1.8em\u00a0\u00bb company_name_font=\u00a0\u00bb|500||on|||||\u00a0\u00bb company_name_line_height=\u00a0\u00bb1.5em\u00a0\u00bb readmore_font=\u00a0\u00bb|600|||||||\u00a0\u00bb readmore_line_height=\u00a0\u00bb1.2em\u00a0\u00bb locked=\u00a0\u00bboff\u00a0\u00bb global_colors_info=\u00a0\u00bb{}\u00a0\u00bb navi_bg_color__hover_enabled=\u00a0\u00bbon|hover\u00a0\u00bb navi_bg_color__hover=\u00a0\u00bb#15502f\u00a0\u00bb][\/dipi_testimonial][\/et_pb_column][\/et_pb_row][\/et_pb_section]<\/p>\n","protected":false},"excerpt":{"rendered":"<p>Retour des client-esT\u00e9moignages<div class=\"et_pb_module dipi_breadcrumbs dipi_breadcrumbs_0\">\n\t\t\t\t\n\t\t\t\t\n\t\t\t\t\n\t\t\t\t\n\t\t\t\t\n\t\t\t\t\n\t\t\t\t<div class=\"et_pb_module_inner\">\n\t\t\t\t\t<div class=\"dipi-breadcrumbs dipi-bc-center\">\n                <ul >\n                    \n                                                        <li  class=\"dipi-breadcrumb-item dipi-breadcrumb-home\">\n\n                                                    <a  href=\"https:\/\/stucki.ch\/fr\/\">\n                                <span  content=\"Home\">\n                                                                        Stucki                                <\/span>\n                            <\/a>\n\n                                                <meta itemprop=\"position\" content=\"1\"\/>                    <\/li>\n\n                    <li class=\"dipi-breadcrumb-separator\">\n                    <span class=\"et-pb-icon dipi-separator-icon\">$<\/span>\n                <\/li>                            \n                <\/ul>\n            <\/div>\n\t\t\t\t<\/div>\n\t\t\t<\/div>Exemples de notre travailNous sommes honor\u00e9-es et ravi-es que nos client-es appr\u00e9cient tant travailler avec nous qu\u2019ils et elles reviennent r\u00e9guli\u00e8rement. Ces retours sont pr\u00e9cieux, car ils nous permettent de savoir si [&hellip;]<\/p>\n","protected":false},"author":1,"featured_media":0,"parent":0,"menu_order":0,"comment_status":"closed","ping_status":"closed","template":"","meta":{"_acf_changed":false,"_et_pb_use_builder":"on","_et_pb_old_content":"","_et_gb_content_width":"","footnotes":""},"dipi_cpt_category":[],"class_list":["post-987513123","page","type-page","status-publish","hentry"],"acf":[],"yoast_head":"<!-- This site is optimized with the Yoast SEO plugin v27.4 - https:\/\/yoast.com\/product\/yoast-seo-wordpress\/ -->\n<title>Testimonials - Stucki<\/title>\n<meta name=\"description\" content=\"Lisez les t\u00e9moignages clients Stucki et d\u00e9couvrez comment notre approche a g\u00e9n\u00e9r\u00e9 des r\u00e9sultats durables et concrets pour leurs \u00e9quipes.\" \/>\n<meta name=\"robots\" content=\"index, follow, max-snippet:-1, max-image-preview:large, max-video-preview:-1\" \/>\n<link rel=\"canonical\" href=\"https:\/\/stucki.ch\/fr\/temoignages-clients\/\" \/>\n<meta property=\"og:locale\" content=\"fr_FR\" \/>\n<meta property=\"og:type\" content=\"article\" \/>\n<meta property=\"og:title\" content=\"Testimonials - Stucki\" \/>\n<meta property=\"og:description\" content=\"Lisez les t\u00e9moignages clients Stucki et d\u00e9couvrez comment notre approche a g\u00e9n\u00e9r\u00e9 des r\u00e9sultats durables et concrets pour leurs \u00e9quipes.\" \/>\n<meta property=\"og:site_name\" content=\"Stucki\" \/>\n<meta property=\"article:modified_time\" content=\"2025-08-22T13:43:43+00:00\" \/>\n<meta name=\"twitter:card\" content=\"summary_large_image\" \/>\n<meta name=\"twitter:label1\" content=\"Dur\u00e9e de lecture estim\u00e9e\" \/>\n\t<meta name=\"twitter:data1\" content=\"17 minutes\" \/>\n<script type=\"application\/ld+json\" class=\"yoast-schema-graph\">{\"@context\":\"https:\\\/\\\/schema.org\",\"@graph\":[{\"@type\":\"WebPage\",\"@id\":\"https:\\\/\\\/stucki.ch\\\/fr\\\/temoignages-clients\\\/\",\"url\":\"https:\\\/\\\/stucki.ch\\\/fr\\\/temoignages-clients\\\/\",\"name\":\"Testimonials - Stucki\",\"isPartOf\":{\"@id\":\"https:\\\/\\\/stucki.ch\\\/#website\"},\"datePublished\":\"2022-09-09T03:31:46+00:00\",\"dateModified\":\"2025-08-22T13:43:43+00:00\",\"description\":\"Lisez les t\u00e9moignages clients Stucki et d\u00e9couvrez comment notre approche a g\u00e9n\u00e9r\u00e9 des r\u00e9sultats durables et concrets pour leurs \u00e9quipes.\",\"breadcrumb\":{\"@id\":\"https:\\\/\\\/stucki.ch\\\/fr\\\/temoignages-clients\\\/#breadcrumb\"},\"inLanguage\":\"fr-FR\",\"potentialAction\":[{\"@type\":\"ReadAction\",\"target\":[\"https:\\\/\\\/stucki.ch\\\/fr\\\/temoignages-clients\\\/\"]}]},{\"@type\":\"BreadcrumbList\",\"@id\":\"https:\\\/\\\/stucki.ch\\\/fr\\\/temoignages-clients\\\/#breadcrumb\",\"itemListElement\":[{\"@type\":\"ListItem\",\"position\":1,\"name\":\"Home\",\"item\":\"https:\\\/\\\/stucki.ch\\\/fr\\\/\"},{\"@type\":\"ListItem\",\"position\":2,\"name\":\"Testimonials\"}]},{\"@type\":\"WebSite\",\"@id\":\"https:\\\/\\\/stucki.ch\\\/#website\",\"url\":\"https:\\\/\\\/stucki.ch\\\/\",\"name\":\"Stucki\",\"description\":\"Leadership &amp; Team Development\",\"publisher\":{\"@id\":\"https:\\\/\\\/stucki.ch\\\/#organization\"},\"potentialAction\":[{\"@type\":\"SearchAction\",\"target\":{\"@type\":\"EntryPoint\",\"urlTemplate\":\"https:\\\/\\\/stucki.ch\\\/?s={search_term_string}\"},\"query-input\":{\"@type\":\"PropertyValueSpecification\",\"valueRequired\":true,\"valueName\":\"search_term_string\"}}],\"inLanguage\":\"fr-FR\"},{\"@type\":\"Organization\",\"@id\":\"https:\\\/\\\/stucki.ch\\\/#organization\",\"name\":\"Stucki\",\"url\":\"https:\\\/\\\/stucki.ch\\\/\",\"logo\":{\"@type\":\"ImageObject\",\"inLanguage\":\"fr-FR\",\"@id\":\"https:\\\/\\\/stucki.ch\\\/#\\\/schema\\\/logo\\\/image\\\/\",\"url\":\"https:\\\/\\\/stucki.ch\\\/wp-content\\\/uploads\\\/2025\\\/03\\\/Gruppe-6.png\",\"contentUrl\":\"https:\\\/\\\/stucki.ch\\\/wp-content\\\/uploads\\\/2025\\\/03\\\/Gruppe-6.png\",\"width\":519,\"height\":121,\"caption\":\"Stucki\"},\"image\":{\"@id\":\"https:\\\/\\\/stucki.ch\\\/#\\\/schema\\\/logo\\\/image\\\/\"},\"sameAs\":[\"https:\\\/\\\/www.linkedin.com\\\/company\\\/stucki-leadership-teambuilding-ag\\\/\",\"https:\\\/\\\/www.instagram.com\\\/stucki_leadership\\\/\"]}]}<\/script>\n<!-- \/ Yoast SEO plugin. -->","yoast_head_json":{"title":"Testimonials - Stucki","description":"Lisez les t\u00e9moignages clients Stucki et d\u00e9couvrez comment notre approche a g\u00e9n\u00e9r\u00e9 des r\u00e9sultats durables et concrets pour leurs \u00e9quipes.","robots":{"index":"index","follow":"follow","max-snippet":"max-snippet:-1","max-image-preview":"max-image-preview:large","max-video-preview":"max-video-preview:-1"},"canonical":"https:\/\/stucki.ch\/fr\/temoignages-clients\/","og_locale":"fr_FR","og_type":"article","og_title":"Testimonials - Stucki","og_description":"Lisez les t\u00e9moignages clients Stucki et d\u00e9couvrez comment notre approche a g\u00e9n\u00e9r\u00e9 des r\u00e9sultats durables et concrets pour leurs \u00e9quipes.","og_site_name":"Stucki","article_modified_time":"2025-08-22T13:43:43+00:00","twitter_card":"summary_large_image","twitter_misc":{"Dur\u00e9e de lecture estim\u00e9e":"17 minutes"},"schema":{"@context":"https:\/\/schema.org","@graph":[{"@type":"WebPage","@id":"https:\/\/stucki.ch\/fr\/temoignages-clients\/","url":"https:\/\/stucki.ch\/fr\/temoignages-clients\/","name":"Testimonials - Stucki","isPartOf":{"@id":"https:\/\/stucki.ch\/#website"},"datePublished":"2022-09-09T03:31:46+00:00","dateModified":"2025-08-22T13:43:43+00:00","description":"Lisez les t\u00e9moignages clients Stucki et d\u00e9couvrez comment notre approche a g\u00e9n\u00e9r\u00e9 des r\u00e9sultats durables et concrets pour leurs \u00e9quipes.","breadcrumb":{"@id":"https:\/\/stucki.ch\/fr\/temoignages-clients\/#breadcrumb"},"inLanguage":"fr-FR","potentialAction":[{"@type":"ReadAction","target":["https:\/\/stucki.ch\/fr\/temoignages-clients\/"]}]},{"@type":"BreadcrumbList","@id":"https:\/\/stucki.ch\/fr\/temoignages-clients\/#breadcrumb","itemListElement":[{"@type":"ListItem","position":1,"name":"Home","item":"https:\/\/stucki.ch\/fr\/"},{"@type":"ListItem","position":2,"name":"Testimonials"}]},{"@type":"WebSite","@id":"https:\/\/stucki.ch\/#website","url":"https:\/\/stucki.ch\/","name":"Stucki","description":"Leadership &amp; Team Development","publisher":{"@id":"https:\/\/stucki.ch\/#organization"},"potentialAction":[{"@type":"SearchAction","target":{"@type":"EntryPoint","urlTemplate":"https:\/\/stucki.ch\/?s={search_term_string}"},"query-input":{"@type":"PropertyValueSpecification","valueRequired":true,"valueName":"search_term_string"}}],"inLanguage":"fr-FR"},{"@type":"Organization","@id":"https:\/\/stucki.ch\/#organization","name":"Stucki","url":"https:\/\/stucki.ch\/","logo":{"@type":"ImageObject","inLanguage":"fr-FR","@id":"https:\/\/stucki.ch\/#\/schema\/logo\/image\/","url":"https:\/\/stucki.ch\/wp-content\/uploads\/2025\/03\/Gruppe-6.png","contentUrl":"https:\/\/stucki.ch\/wp-content\/uploads\/2025\/03\/Gruppe-6.png","width":519,"height":121,"caption":"Stucki"},"image":{"@id":"https:\/\/stucki.ch\/#\/schema\/logo\/image\/"},"sameAs":["https:\/\/www.linkedin.com\/company\/stucki-leadership-teambuilding-ag\/","https:\/\/www.instagram.com\/stucki_leadership\/"]}]}},"_links":{"self":[{"href":"https:\/\/stucki.ch\/fr\/wp-json\/wp\/v2\/pages\/987513123","targetHints":{"allow":["GET"]}}],"collection":[{"href":"https:\/\/stucki.ch\/fr\/wp-json\/wp\/v2\/pages"}],"about":[{"href":"https:\/\/stucki.ch\/fr\/wp-json\/wp\/v2\/types\/page"}],"author":[{"embeddable":true,"href":"https:\/\/stucki.ch\/fr\/wp-json\/wp\/v2\/users\/1"}],"replies":[{"embeddable":true,"href":"https:\/\/stucki.ch\/fr\/wp-json\/wp\/v2\/comments?post=987513123"}],"version-history":[{"count":15,"href":"https:\/\/stucki.ch\/fr\/wp-json\/wp\/v2\/pages\/987513123\/revisions"}],"predecessor-version":[{"id":987514801,"href":"https:\/\/stucki.ch\/fr\/wp-json\/wp\/v2\/pages\/987513123\/revisions\/987514801"}],"wp:attachment":[{"href":"https:\/\/stucki.ch\/fr\/wp-json\/wp\/v2\/media?parent=987513123"}],"wp:term":[{"taxonomy":"dipi_cpt_category","embeddable":true,"href":"https:\/\/stucki.ch\/fr\/wp-json\/wp\/v2\/dipi_cpt_category?post=987513123"}],"curies":[{"name":"wp","href":"https:\/\/api.w.org\/{rel}","templated":true}]}}